{"id":2456,"date":"2025-12-03T10:52:18","date_gmt":"2025-12-03T09:52:18","guid":{"rendered":"https:\/\/teunesco.com\/parceiros\/penamacor\/"},"modified":"2026-03-24T14:50:24","modified_gmt":"2026-03-24T13:50:24","slug":"penamacor","status":"publish","type":"page","link":"https:\/\/teunesco.com\/pt-pt\/parceiros\/penamacor\/","title":{"rendered":"Penamacor"},"content":{"rendered":"\t\t<div data-elementor-type=\"wp-page\" data-elementor-id=\"2456\" class=\"elementor elementor-2456 elementor-291\" data-elementor-post-type=\"page\">\n\t\t\t\t<div class=\"elementor-element elementor-element-5235e88f e-flex e-con-boxed e-con e-parent\" data-id=\"5235e88f\" data-element_type=\"container\" data-e-type=\"container\">\n\t\t\t\t\t<div class=\"e-con-inner\">\n\t\t\t\t<div class=\"elementor-element elementor-element-54094dbc elementor-widget elementor-widget-text-editor\" data-id=\"54094dbc\" data-element_type=\"widget\" data-e-type=\"widget\" data-widget_type=\"text-editor.default\">\n\t\t\t\t<div class=\"elementor-widget-container\">\n\t\t\t\t\t\t\t\t\t<p>Situada <strong>no cora\u00e7\u00e3o da Beira Baixa<\/strong>, Penamacor ergue-se como uma sentinela hist\u00f3rica entre a Serra da Gardunha e a fronteira espanhola. Esta vila, de <strong>forte car\u00e1cter medieval e ra\u00edzes templ\u00e1rias<\/strong>, combina monumentos em granito com ruas empedradas que parecem deter o tempo, oferecendo ao visitante uma viagem direta ao passado. Entre muralhas e pra\u00e7as, a hist\u00f3ria militar entrela\u00e7a-se com tradi\u00e7\u00f5es locais que ainda hoje se celebram com fervor, como a famosa <strong>fogueira do Madeiro no Natal<\/strong>.<\/p> <p>Penamacor n\u00e3o \u00e9 apenas hist\u00f3ria: o seu ambiente natural, dominado pela <strong>Reserva Natural da Serra da Malcata<\/strong>, \u00e9 habitat de esp\u00e9cies \u00fanicas como o lince-ib\u00e9rico e oferece trilhos, miradouros e paisagens intactas que encantam os amantes da natureza e da fotografia. Neste lugar, a autenticidade da vida rural portuguesa sente-se em cada recanto, tornando Penamacor um destino onde passado e natureza convivem em perfeita harmonia.<\/p>\t\t\t\t\t\t\t\t<\/div>\n\t\t\t\t<\/div>\n\t\t\t\t<div class=\"elementor-element elementor-element-7f83338b elementor-widget elementor-widget-heading\" data-id=\"7f83338b\" data-element_type=\"widget\" data-e-type=\"widget\" data-widget_type=\"heading.default\">\n\t\t\t\t<div class=\"elementor-widget-container\">\n\t\t\t\t\t<h2 class=\"elementor-heading-title elementor-size-default\">Patrim\u00f3nio e cultura<\/h2>\t\t\t\t<\/div>\n\t\t\t\t<\/div>\n\t\t\t\t<div class=\"elementor-element elementor-element-1cfb648 elementor-widget elementor-widget-text-editor\" data-id=\"1cfb648\" data-element_type=\"widget\" data-e-type=\"widget\" data-widget_type=\"text-editor.default\">\n\t\t\t\t<div class=\"elementor-widget-container\">\n\t\t\t\t\t\t\t\t\tO <strong>Castelo de Penamacor<\/strong> e a sua imponente <strong>Torre de Menagem<\/strong> s\u00e3o os guardi\u00f5es de uma vila que foi fundamental na defesa do reino. Passear pelo seu centro hist\u00f3rico \u00e9 descobrir um tra\u00e7ado medieval que conserva o orgulho do seu passado senhorial.\t\t\t\t\t\t\t\t<\/div>\n\t\t\t\t<\/div>\n\t\t\t\t<div class=\"elementor-element elementor-element-5780f94d elementor-icon-list--layout-traditional elementor-list-item-link-full_width elementor-widget elementor-widget-icon-list\" data-id=\"5780f94d\" data-element_type=\"widget\" data-e-type=\"widget\" data-widget_type=\"icon-list.default\">\n\t\t\t\t<div class=\"elementor-widget-container\">\n\t\t\t\t\t\t\t<ul class=\"elementor-icon-list-items\">\n\t\t\t\t\t\t\t<li class=\"elementor-icon-list-item\">\n\t\t\t\t\t\t\t\t\t\t\t<span class=\"elementor-icon-list-icon\">\n\t\t\t\t\t\t\t<svg aria-hidden=\"true\" class=\"e-font-icon-svg e-fas-check-circle\" viewBox=\"0 0 512 512\" xmlns=\"http:\/\/www.w3.org\/2000\/svg\"><path d=\"M504 256c0 136.967-111.033 248-248 248S8 392.967 8 256 119.033 8 256 8s248 111.033 248 248zM227.314 387.314l184-184c6.248-6.248 6.248-16.379 0-22.627l-22.627-22.627c-6.248-6.249-16.379-6.249-22.628 0L216 308.118l-70.059-70.059c-6.248-6.248-16.379-6.248-22.628 0l-22.627 22.627c-6.248 6.248-6.248 16.379 0 22.627l104 104c6.249 6.249 16.379 6.249 22.628.001z\"><\/path><\/svg>\t\t\t\t\t\t<\/span>\n\t\t\t\t\t\t\t\t\t\t<span class=\"elementor-icon-list-text\"><strong>Legado templ\u00e1rio:<\/strong> a vila foi cedida \u00e0 Ordem do Templo no s\u00e9culo XII, uma influ\u00eancia que ainda se sente na sobriedade e robustez das suas muralhas, bem como em alguns dos recantos e ruas estreitas que preservam o ambiente de mist\u00e9rio dessa \u00e9poca.<\/span>\n\t\t\t\t\t\t\t\t\t<\/li>\n\t\t\t\t\t\t\t\t<li class=\"elementor-icon-list-item\">\n\t\t\t\t\t\t\t\t\t\t\t<span class=\"elementor-icon-list-icon\">\n\t\t\t\t\t\t\t<svg aria-hidden=\"true\" class=\"e-font-icon-svg e-fas-check-circle\" viewBox=\"0 0 512 512\" xmlns=\"http:\/\/www.w3.org\/2000\/svg\"><path d=\"M504 256c0 136.967-111.033 248-248 248S8 392.967 8 256 119.033 8 256 8s248 111.033 248 248zM227.314 387.314l184-184c6.248-6.248 6.248-16.379 0-22.627l-22.627-22.627c-6.248-6.249-16.379-6.249-22.628 0L216 308.118l-70.059-70.059c-6.248-6.248-16.379-6.248-22.628 0l-22.627 22.627c-6.248 6.248-6.248 16.379 0 22.627l104 104c6.249 6.249 16.379 6.249 22.628.001z\"><\/path><\/svg>\t\t\t\t\t\t<\/span>\n\t\t\t\t\t\t\t\t\t\t<span class=\"elementor-icon-list-text\"><strong>A Tradi\u00e7\u00e3o do Madeiro:<\/strong> Penamacor \u00e9 famosa por celebrar o maior Madeiro de Natal de Portugal, uma fogueira monumental que re\u00fane a comunidade e simboliza o calor da hospitalidade da Beira. Al\u00e9m disso, as festividades locais incluem mercados, m\u00fasica e oficinas artesanais que permitem a visitantes e habitantes mergulhar na vida cultural e nas tradi\u00e7\u00f5es ancestrais da regi\u00e3o.<\/span>\n\t\t\t\t\t\t\t\t\t<\/li>\n\t\t\t\t\t\t<\/ul>\n\t\t\t\t\t\t<\/div>\n\t\t\t\t<\/div>\n\t\t\t\t<div class=\"elementor-element elementor-element-7b772e63 elementor-widget elementor-widget-heading\" data-id=\"7b772e63\" data-element_type=\"widget\" data-e-type=\"widget\" data-widget_type=\"heading.default\">\n\t\t\t\t<div class=\"elementor-widget-container\">\n\t\t\t\t\t<h2 class=\"elementor-heading-title elementor-size-default\">Natureza e experi\u00eancias<\/h2>\t\t\t\t<\/div>\n\t\t\t\t<\/div>\n\t\t\t\t<div class=\"elementor-element elementor-element-0ab02a5 elementor-widget elementor-widget-text-editor\" data-id=\"0ab02a5\" data-element_type=\"widget\" data-e-type=\"widget\" data-widget_type=\"text-editor.default\">\n\t\t\t\t<div class=\"elementor-widget-container\">\n\t\t\t\t\t\t\t\t\tA Reserva Natural da Serra da Malcata \u00e9 o grande pulm\u00e3o da regi\u00e3o, onde o lince ib\u00e9rico encontra ref\u00fagio e os trilhos entre ribeiros e colinas oferecem experi\u00eancias \u00fanicas de ecoturismo e observa\u00e7\u00e3o da vida selvagem em paisagens virgens.\t\t\t\t\t\t\t\t<\/div>\n\t\t\t\t<\/div>\n\t\t\t\t<div class=\"elementor-element elementor-element-bbaace4 elementor-icon-list--layout-traditional elementor-list-item-link-full_width elementor-widget elementor-widget-icon-list\" data-id=\"bbaace4\" data-element_type=\"widget\" data-e-type=\"widget\" data-widget_type=\"icon-list.default\">\n\t\t\t\t<div class=\"elementor-widget-container\">\n\t\t\t\t\t\t\t<ul class=\"elementor-icon-list-items\">\n\t\t\t\t\t\t\t<li class=\"elementor-icon-list-item\">\n\t\t\t\t\t\t\t\t\t\t\t<span class=\"elementor-icon-list-icon\">\n\t\t\t\t\t\t\t<svg aria-hidden=\"true\" class=\"e-font-icon-svg e-fas-check-circle\" viewBox=\"0 0 512 512\" xmlns=\"http:\/\/www.w3.org\/2000\/svg\"><path d=\"M504 256c0 136.967-111.033 248-248 248S8 392.967 8 256 119.033 8 256 8s248 111.033 248 248zM227.314 387.314l184-184c6.248-6.248 6.248-16.379 0-22.627l-22.627-22.627c-6.248-6.249-16.379-6.249-22.628 0L216 308.118l-70.059-70.059c-6.248-6.248-16.379-6.248-22.628 0l-22.627 22.627c-6.248 6.248-6.248 16.379 0 22.627l104 104c6.249 6.249 16.379 6.249 22.628.001z\"><\/path><\/svg>\t\t\t\t\t\t<\/span>\n\t\t\t\t\t\t\t\t\t\t<span class=\"elementor-icon-list-text\"><strong>Terra de Linces:<\/strong> este espa\u00e7o protegido \u00e9 o s\u00edmbolo da conserva\u00e7\u00e3o do lince-ib\u00e9rico em Portugal e um para\u00edso para o caminhadas e a observa\u00e7\u00e3o da fauna.<\/span>\n\t\t\t\t\t\t\t\t\t<\/li>\n\t\t\t\t\t\t\t\t<li class=\"elementor-icon-list-item\">\n\t\t\t\t\t\t\t\t\t\t\t<span class=\"elementor-icon-list-icon\">\n\t\t\t\t\t\t\t<svg aria-hidden=\"true\" class=\"e-font-icon-svg e-fas-check-circle\" viewBox=\"0 0 512 512\" xmlns=\"http:\/\/www.w3.org\/2000\/svg\"><path d=\"M504 256c0 136.967-111.033 248-248 248S8 392.967 8 256 119.033 8 256 8s248 111.033 248 248zM227.314 387.314l184-184c6.248-6.248 6.248-16.379 0-22.627l-22.627-22.627c-6.248-6.249-16.379-6.249-22.628 0L216 308.118l-70.059-70.059c-6.248-6.248-16.379-6.248-22.628 0l-22.627 22.627c-6.248 6.248-6.248 16.379 0 22.627l104 104c6.249 6.249 16.379 6.249 22.628.001z\"><\/path><\/svg>\t\t\t\t\t\t<\/span>\n\t\t\t\t\t\t\t\t\t\t<span class=\"elementor-icon-list-text\"><strong>Paisagens de \u00e1gua:<\/strong> entre ribeiros e colinas, os percursos interpretativos permitem descobrir uma biodiversidade intacta, ideal para o ecoturismo e a fotografia de natureza em estado puro.<\/span>\n\t\t\t\t\t\t\t\t\t<\/li>\n\t\t\t\t\t\t<\/ul>\n\t\t\t\t\t\t<\/div>\n\t\t\t\t<\/div>\n\t\t\t\t<div class=\"elementor-element elementor-element-2d9e52d elementor-widget elementor-widget-heading\" data-id=\"2d9e52d\" data-element_type=\"widget\" data-e-type=\"widget\" data-widget_type=\"heading.default\">\n\t\t\t\t<div class=\"elementor-widget-container\">\n\t\t\t\t\t<h2 class=\"elementor-heading-title elementor-size-default\">Gastronomia<\/h2>\t\t\t\t<\/div>\n\t\t\t\t<\/div>\n\t\t\t\t<div class=\"elementor-element elementor-element-31505fd elementor-widget elementor-widget-text-editor\" data-id=\"31505fd\" data-element_type=\"widget\" data-e-type=\"widget\" data-widget_type=\"text-editor.default\">\n\t\t\t\t<div class=\"elementor-widget-container\">\n\t\t\t\t\t\t\t\t\t<p>Penamacor oferece sabores aut\u00eanticos da Beira Baixa. Destacam-se os <strong>queijos locais, enchidos de porco ib\u00e9rico, mel e produtos do montado<\/strong>. Entre os seus doces tradicionais, as <strong>Cavacas<\/strong> s\u00e3o bolos leves cobertos com glac\u00ea de a\u00e7\u00facar, enquanto os <strong>Biscoitos de Azeite<\/strong> s\u00e3o bolachas crocantes feitas com azeite e aromatizadas com canela ou lim\u00e3o. Estes produtos completam uma experi\u00eancia gastron\u00f3mica que reflete a riqueza natural e cultural da regi\u00e3o.<\/p>\t\t\t\t\t\t\t\t<\/div>\n\t\t\t\t<\/div>\n\t\t\t\t\t<\/div>\n\t\t\t\t<\/div>\n\t\t<div class=\"elementor-element elementor-element-7f6a061e e-con-full e-flex e-con e-parent\" data-id=\"7f6a061e\" data-element_type=\"container\" data-e-type=\"container\">\n\t\t\t\t<div class=\"elementor-element elementor-element-3bb4c6db elementor-widget elementor-widget-gallery\" data-id=\"3bb4c6db\" data-element_type=\"widget\" data-e-type=\"widget\" data-settings=\"{&quot;columns&quot;:3,&quot;gap&quot;:{&quot;unit&quot;:&quot;px&quot;,&quot;size&quot;:9,&quot;sizes&quot;:[]},&quot;lazyload&quot;:&quot;yes&quot;,&quot;gallery_layout&quot;:&quot;grid&quot;,&quot;columns_tablet&quot;:2,&quot;columns_mobile&quot;:1,&quot;gap_laptop&quot;:{&quot;unit&quot;:&quot;px&quot;,&quot;size&quot;:10,&quot;sizes&quot;:[]},&quot;gap_tablet&quot;:{&quot;unit&quot;:&quot;px&quot;,&quot;size&quot;:10,&quot;sizes&quot;:[]},&quot;gap_mobile&quot;:{&quot;unit&quot;:&quot;px&quot;,&quot;size&quot;:10,&quot;sizes&quot;:[]},&quot;link_to&quot;:&quot;file&quot;,&quot;aspect_ratio&quot;:&quot;3:2&quot;,&quot;overlay_background&quot;:&quot;yes&quot;,&quot;content_hover_animation&quot;:&quot;fade-in&quot;}\" data-widget_type=\"gallery.default\">\n\t\t\t\t<div class=\"elementor-widget-container\">\n\t\t\t\t\t\t\t<div class=\"elementor-gallery__container\">\n\t\t\t\t\t\t\t<a class=\"e-gallery-item elementor-gallery-item elementor-animated-content\" href=\"https:\/\/teunesco.com\/wp-content\/uploads\/2026\/01\/penamacor2.jpg\" data-elementor-open-lightbox=\"yes\" data-elementor-lightbox-slideshow=\"3bb4c6db\" data-elementor-lightbox-title=\"penamacor2\" data-e-action-hash=\"#elementor-action%3Aaction%3Dlightbox%26settings%3DeyJpZCI6MjQ1NywidXJsIjoiaHR0cHM6XC9cL3RldW5lc2NvLmNvbVwvd3AtY29udGVudFwvdXBsb2Fkc1wvMjAyNlwvMDFcL3BlbmFtYWNvcjIuanBnIiwic2xpZGVzaG93IjoiM2JiNGM2ZGIifQ%3D%3D\">\n\t\t\t\t\t<div class=\"e-gallery-image elementor-gallery-item__image\" data-thumbnail=\"https:\/\/teunesco.com\/wp-content\/uploads\/2026\/01\/penamacor2-1024x683.jpg\" data-width=\"800\" data-height=\"534\" aria-label=\"\" role=\"img\" ><\/div>\n\t\t\t\t\t\t\t\t\t\t\t<div class=\"elementor-gallery-item__overlay\"><\/div>\n\t\t\t\t\t\t\t\t\t\t\t\t\t\t<\/a>\n\t\t\t\t\t\t\t<a class=\"e-gallery-item elementor-gallery-item elementor-animated-content\" href=\"https:\/\/teunesco.com\/wp-content\/uploads\/2026\/01\/penamacor-mapa.jpg\" data-elementor-open-lightbox=\"yes\" data-elementor-lightbox-slideshow=\"3bb4c6db\" data-elementor-lightbox-title=\"penamacor-mapa\" data-e-action-hash=\"#elementor-action%3Aaction%3Dlightbox%26settings%3DeyJpZCI6MjQ1OSwidXJsIjoiaHR0cHM6XC9cL3RldW5lc2NvLmNvbVwvd3AtY29udGVudFwvdXBsb2Fkc1wvMjAyNlwvMDFcL3BlbmFtYWNvci1tYXBhLmpwZyIsInNsaWRlc2hvdyI6IjNiYjRjNmRiIn0%3D\">\n\t\t\t\t\t<div class=\"e-gallery-image elementor-gallery-item__image\" data-thumbnail=\"https:\/\/teunesco.com\/wp-content\/uploads\/2026\/01\/penamacor-mapa-1024x683.jpg\" data-width=\"800\" data-height=\"534\" aria-label=\"\" role=\"img\" ><\/div>\n\t\t\t\t\t\t\t\t\t\t\t<div class=\"elementor-gallery-item__overlay\"><\/div>\n\t\t\t\t\t\t\t\t\t\t\t\t\t\t<\/a>\n\t\t\t\t\t\t\t<a class=\"e-gallery-item elementor-gallery-item elementor-animated-content\" href=\"https:\/\/teunesco.com\/wp-content\/uploads\/2026\/01\/penamacor.jpg\" data-elementor-open-lightbox=\"yes\" data-elementor-lightbox-slideshow=\"3bb4c6db\" data-elementor-lightbox-title=\"penamacor\" data-e-action-hash=\"#elementor-action%3Aaction%3Dlightbox%26settings%3DeyJpZCI6MjQ2MCwidXJsIjoiaHR0cHM6XC9cL3RldW5lc2NvLmNvbVwvd3AtY29udGVudFwvdXBsb2Fkc1wvMjAyNlwvMDFcL3BlbmFtYWNvci5qcGciLCJzbGlkZXNob3ciOiIzYmI0YzZkYiJ9\">\n\t\t\t\t\t<div class=\"e-gallery-image elementor-gallery-item__image\" data-thumbnail=\"https:\/\/teunesco.com\/wp-content\/uploads\/2026\/01\/penamacor-1024x683.jpg\" data-width=\"800\" data-height=\"534\" aria-label=\"\" role=\"img\" ><\/div>\n\t\t\t\t\t\t\t\t\t\t\t<div class=\"elementor-gallery-item__overlay\"><\/div>\n\t\t\t\t\t\t\t\t\t\t\t\t\t\t<\/a>\n\t\t\t\t\t<\/div>\n\t\t\t\t\t<\/div>\n\t\t\t\t<\/div>\n\t\t\t\t<\/div>\n\t\t<div class=\"elementor-element elementor-element-186970e5 e-flex e-con-boxed e-con e-parent\" data-id=\"186970e5\" data-element_type=\"container\" data-e-type=\"container\">\n\t\t\t\t\t<div class=\"e-con-inner\">\n\t\t\t\t<div class=\"elementor-element elementor-element-30398461 elementor-widget elementor-widget-heading\" data-id=\"30398461\" data-element_type=\"widget\" data-e-type=\"widget\" data-widget_type=\"heading.default\">\n\t\t\t\t<div class=\"elementor-widget-container\">\n\t\t\t\t\t<h2 class=\"elementor-heading-title elementor-size-default\">Not\u00edcias relacionadas<\/h2>\t\t\t\t<\/div>\n\t\t\t\t<\/div>\n\t\t\t\t<div class=\"elementor-element elementor-element-5d279340 elementor-grid-3 elementor-grid-tablet-2 elementor-grid-mobile-1 elementor-widget elementor-widget-loop-grid\" data-id=\"5d279340\" data-element_type=\"widget\" data-e-type=\"widget\" data-settings=\"{&quot;template_id&quot;:473,&quot;row_gap&quot;:{&quot;unit&quot;:&quot;px&quot;,&quot;size&quot;:40,&quot;sizes&quot;:[]},&quot;_skin&quot;:&quot;post&quot;,&quot;columns&quot;:&quot;3&quot;,&quot;columns_tablet&quot;:&quot;2&quot;,&quot;columns_mobile&quot;:&quot;1&quot;,&quot;edit_handle_selector&quot;:&quot;[data-elementor-type=\\&quot;loop-item\\&quot;]&quot;,&quot;row_gap_laptop&quot;:{&quot;unit&quot;:&quot;px&quot;,&quot;size&quot;:&quot;&quot;,&quot;sizes&quot;:[]},&quot;row_gap_tablet&quot;:{&quot;unit&quot;:&quot;px&quot;,&quot;size&quot;:&quot;&quot;,&quot;sizes&quot;:[]},&quot;row_gap_mobile&quot;:{&quot;unit&quot;:&quot;px&quot;,&quot;size&quot;:&quot;&quot;,&quot;sizes&quot;:[]}}\" data-widget_type=\"loop-grid.post\">\n\t\t\t\t<div class=\"elementor-widget-container\">\n\t\t\t\t\t\t\t<div class=\"e-loop-nothing-found-message\">\n\t\t\t\t\t<div class=\"e-loop-nothing-found-message__text\">\n\t\t\t\tN\u00e3o h\u00e1 not\u00edcias relacionadas.\t\t\t<\/div>\n\t\t\t<\/div>\n\t\t\t\t\t\t<\/div>\n\t\t\t\t<\/div>\n\t\t\t\t\t<\/div>\n\t\t\t\t<\/div>\n\t\t\t\t<\/div>\n\t\t","protected":false},"excerpt":{"rendered":"<p>Situada no cora\u00e7\u00e3o da Beira Baixa, Penamacor ergue-se como uma sentinela hist\u00f3rica entre a Serra da Gardunha e a fronteira espanhola. Esta vila, de forte car\u00e1cter medieval e ra\u00edzes templ\u00e1rias, combina monumentos em granito com ruas empedradas que parecem deter o tempo, oferecendo ao visitante uma viagem direta ao passado. Entre muralhas e pra\u00e7as, a [&hellip;]<\/p>\n","protected":false},"author":1,"featured_media":2458,"parent":2386,"menu_order":0,"comment_status":"closed","ping_status":"closed","template":"","meta":{"footnotes":""},"class_list":["post-2456","page","type-page","status-publish","has-post-thumbnail","hentry"],"yoast_head":"<!-- This site is optimized with the Yoast SEO plugin v27.1.1 - https:\/\/yoast.com\/product\/yoast-seo-wordpress\/ -->\n<title>Penamacor - TEUNESCO<\/title>\n<meta name=\"robots\" content=\"index, follow, max-snippet:-1, max-image-preview:large, max-video-preview:-1\" \/>\n<link rel=\"canonical\" href=\"https:\/\/teunesco.com\/pt-pt\/parceiros\/penamacor\/\" \/>\n<meta property=\"og:locale\" content=\"pt_PT\" \/>\n<meta property=\"og:type\" content=\"article\" \/>\n<meta property=\"og:title\" content=\"Penamacor - TEUNESCO\" \/>\n<meta property=\"og:description\" content=\"Situada no cora\u00e7\u00e3o da Beira Baixa, Penamacor ergue-se como uma sentinela hist\u00f3rica entre a Serra da Gardunha e a fronteira espanhola. Esta vila, de forte car\u00e1cter medieval e ra\u00edzes templ\u00e1rias, combina monumentos em granito com ruas empedradas que parecem deter o tempo, oferecendo ao visitante uma viagem direta ao passado. Entre muralhas e pra\u00e7as, a [&hellip;]\" \/>\n<meta property=\"og:url\" content=\"https:\/\/teunesco.com\/pt-pt\/parceiros\/penamacor\/\" \/>\n<meta property=\"og:site_name\" content=\"TEUNESCO\" \/>\n<meta property=\"article:modified_time\" content=\"2026-03-24T13:50:24+00:00\" \/>\n<meta property=\"og:image\" content=\"https:\/\/teunesco.com\/wp-content\/uploads\/2026\/01\/tit-penamacor.jpg\" \/>\n\t<meta property=\"og:image:width\" content=\"2000\" \/>\n\t<meta property=\"og:image:height\" content=\"800\" \/>\n\t<meta property=\"og:image:type\" content=\"image\/jpeg\" \/>\n<meta name=\"twitter:card\" content=\"summary_large_image\" \/>\n<meta name=\"twitter:label1\" content=\"Tempo estimado de leitura\" \/>\n\t<meta name=\"twitter:data1\" content=\"3 minutos\" \/>\n<script type=\"application\/ld+json\" class=\"yoast-schema-graph\">{\"@context\":\"https:\/\/schema.org\",\"@graph\":[{\"@type\":\"WebPage\",\"@id\":\"https:\/\/teunesco.com\/pt-pt\/parceiros\/penamacor\/\",\"url\":\"https:\/\/teunesco.com\/pt-pt\/parceiros\/penamacor\/\",\"name\":\"Penamacor - TEUNESCO\",\"isPartOf\":{\"@id\":\"https:\/\/teunesco.com\/pt-pt\/#website\"},\"primaryImageOfPage\":{\"@id\":\"https:\/\/teunesco.com\/pt-pt\/parceiros\/penamacor\/#primaryimage\"},\"image\":{\"@id\":\"https:\/\/teunesco.com\/pt-pt\/parceiros\/penamacor\/#primaryimage\"},\"thumbnailUrl\":\"https:\/\/teunesco.com\/wp-content\/uploads\/2026\/01\/tit-penamacor.jpg\",\"datePublished\":\"2025-12-03T09:52:18+00:00\",\"dateModified\":\"2026-03-24T13:50:24+00:00\",\"breadcrumb\":{\"@id\":\"https:\/\/teunesco.com\/pt-pt\/parceiros\/penamacor\/#breadcrumb\"},\"inLanguage\":\"pt-PT\",\"potentialAction\":[{\"@type\":\"ReadAction\",\"target\":[\"https:\/\/teunesco.com\/pt-pt\/parceiros\/penamacor\/\"]}]},{\"@type\":\"ImageObject\",\"inLanguage\":\"pt-PT\",\"@id\":\"https:\/\/teunesco.com\/pt-pt\/parceiros\/penamacor\/#primaryimage\",\"url\":\"https:\/\/teunesco.com\/wp-content\/uploads\/2026\/01\/tit-penamacor.jpg\",\"contentUrl\":\"https:\/\/teunesco.com\/wp-content\/uploads\/2026\/01\/tit-penamacor.jpg\",\"width\":2000,\"height\":800},{\"@type\":\"BreadcrumbList\",\"@id\":\"https:\/\/teunesco.com\/pt-pt\/parceiros\/penamacor\/#breadcrumb\",\"itemListElement\":[{\"@type\":\"ListItem\",\"position\":1,\"name\":\"In\u00edcio\",\"item\":\"https:\/\/teunesco.com\/pt-pt\/\"},{\"@type\":\"ListItem\",\"position\":2,\"name\":\"Parceiros\",\"item\":\"https:\/\/teunesco.com\/pt-pt\/parceiros\/\"},{\"@type\":\"ListItem\",\"position\":3,\"name\":\"Penamacor\"}]},{\"@type\":\"WebSite\",\"@id\":\"https:\/\/teunesco.com\/pt-pt\/#website\",\"url\":\"https:\/\/teunesco.com\/pt-pt\/\",\"name\":\"TEUNESCO\",\"description\":\"\",\"potentialAction\":[{\"@type\":\"SearchAction\",\"target\":{\"@type\":\"EntryPoint\",\"urlTemplate\":\"https:\/\/teunesco.com\/pt-pt\/?s={search_term_string}\"},\"query-input\":{\"@type\":\"PropertyValueSpecification\",\"valueRequired\":true,\"valueName\":\"search_term_string\"}}],\"inLanguage\":\"pt-PT\"}]}<\/script>\n<!-- \/ Yoast SEO plugin. -->","yoast_head_json":{"title":"Penamacor - TEUNESCO","robots":{"index":"index","follow":"follow","max-snippet":"max-snippet:-1","max-image-preview":"max-image-preview:large","max-video-preview":"max-video-preview:-1"},"canonical":"https:\/\/teunesco.com\/pt-pt\/parceiros\/penamacor\/","og_locale":"pt_PT","og_type":"article","og_title":"Penamacor - TEUNESCO","og_description":"Situada no cora\u00e7\u00e3o da Beira Baixa, Penamacor ergue-se como uma sentinela hist\u00f3rica entre a Serra da Gardunha e a fronteira espanhola. Esta vila, de forte car\u00e1cter medieval e ra\u00edzes templ\u00e1rias, combina monumentos em granito com ruas empedradas que parecem deter o tempo, oferecendo ao visitante uma viagem direta ao passado. Entre muralhas e pra\u00e7as, a [&hellip;]","og_url":"https:\/\/teunesco.com\/pt-pt\/parceiros\/penamacor\/","og_site_name":"TEUNESCO","article_modified_time":"2026-03-24T13:50:24+00:00","og_image":[{"width":2000,"height":800,"url":"https:\/\/teunesco.com\/wp-content\/uploads\/2026\/01\/tit-penamacor.jpg","type":"image\/jpeg"}],"twitter_card":"summary_large_image","twitter_misc":{"Tempo estimado de leitura":"3 minutos"},"schema":{"@context":"https:\/\/schema.org","@graph":[{"@type":"WebPage","@id":"https:\/\/teunesco.com\/pt-pt\/parceiros\/penamacor\/","url":"https:\/\/teunesco.com\/pt-pt\/parceiros\/penamacor\/","name":"Penamacor - TEUNESCO","isPartOf":{"@id":"https:\/\/teunesco.com\/pt-pt\/#website"},"primaryImageOfPage":{"@id":"https:\/\/teunesco.com\/pt-pt\/parceiros\/penamacor\/#primaryimage"},"image":{"@id":"https:\/\/teunesco.com\/pt-pt\/parceiros\/penamacor\/#primaryimage"},"thumbnailUrl":"https:\/\/teunesco.com\/wp-content\/uploads\/2026\/01\/tit-penamacor.jpg","datePublished":"2025-12-03T09:52:18+00:00","dateModified":"2026-03-24T13:50:24+00:00","breadcrumb":{"@id":"https:\/\/teunesco.com\/pt-pt\/parceiros\/penamacor\/#breadcrumb"},"inLanguage":"pt-PT","potentialAction":[{"@type":"ReadAction","target":["https:\/\/teunesco.com\/pt-pt\/parceiros\/penamacor\/"]}]},{"@type":"ImageObject","inLanguage":"pt-PT","@id":"https:\/\/teunesco.com\/pt-pt\/parceiros\/penamacor\/#primaryimage","url":"https:\/\/teunesco.com\/wp-content\/uploads\/2026\/01\/tit-penamacor.jpg","contentUrl":"https:\/\/teunesco.com\/wp-content\/uploads\/2026\/01\/tit-penamacor.jpg","width":2000,"height":800},{"@type":"BreadcrumbList","@id":"https:\/\/teunesco.com\/pt-pt\/parceiros\/penamacor\/#breadcrumb","itemListElement":[{"@type":"ListItem","position":1,"name":"In\u00edcio","item":"https:\/\/teunesco.com\/pt-pt\/"},{"@type":"ListItem","position":2,"name":"Parceiros","item":"https:\/\/teunesco.com\/pt-pt\/parceiros\/"},{"@type":"ListItem","position":3,"name":"Penamacor"}]},{"@type":"WebSite","@id":"https:\/\/teunesco.com\/pt-pt\/#website","url":"https:\/\/teunesco.com\/pt-pt\/","name":"TEUNESCO","description":"","potentialAction":[{"@type":"SearchAction","target":{"@type":"EntryPoint","urlTemplate":"https:\/\/teunesco.com\/pt-pt\/?s={search_term_string}"},"query-input":{"@type":"PropertyValueSpecification","valueRequired":true,"valueName":"search_term_string"}}],"inLanguage":"pt-PT"}]}},"_links":{"self":[{"href":"https:\/\/teunesco.com\/pt-pt\/wp-json\/wp\/v2\/pages\/2456","targetHints":{"allow":["GET"]}}],"collection":[{"href":"https:\/\/teunesco.com\/pt-pt\/wp-json\/wp\/v2\/pages"}],"about":[{"href":"https:\/\/teunesco.com\/pt-pt\/wp-json\/wp\/v2\/types\/page"}],"author":[{"embeddable":true,"href":"https:\/\/teunesco.com\/pt-pt\/wp-json\/wp\/v2\/users\/1"}],"replies":[{"embeddable":true,"href":"https:\/\/teunesco.com\/pt-pt\/wp-json\/wp\/v2\/comments?post=2456"}],"version-history":[{"count":7,"href":"https:\/\/teunesco.com\/pt-pt\/wp-json\/wp\/v2\/pages\/2456\/revisions"}],"predecessor-version":[{"id":2467,"href":"https:\/\/teunesco.com\/pt-pt\/wp-json\/wp\/v2\/pages\/2456\/revisions\/2467"}],"up":[{"embeddable":true,"href":"https:\/\/teunesco.com\/pt-pt\/wp-json\/wp\/v2\/pages\/2386"}],"wp:featuredmedia":[{"embeddable":true,"href":"https:\/\/teunesco.com\/pt-pt\/wp-json\/wp\/v2\/media\/2458"}],"wp:attachment":[{"href":"https:\/\/teunesco.com\/pt-pt\/wp-json\/wp\/v2\/media?parent=2456"}],"curies":[{"name":"wp","href":"https:\/\/api.w.org\/{rel}","templated":true}]}}