{"id":2420,"date":"2025-12-03T10:53:13","date_gmt":"2025-12-03T09:53:13","guid":{"rendered":"https:\/\/teunesco.com\/parceiros\/idanha-a-nova\/"},"modified":"2026-03-24T14:16:23","modified_gmt":"2026-03-24T13:16:23","slug":"idanha-a-nova","status":"publish","type":"page","link":"https:\/\/teunesco.com\/pt-pt\/parceiros\/idanha-a-nova\/","title":{"rendered":"Idanha a Nova"},"content":{"rendered":"\t\t<div data-elementor-type=\"wp-page\" data-elementor-id=\"2420\" class=\"elementor elementor-2420 elementor-301\" data-elementor-post-type=\"page\">\n\t\t\t\t<div class=\"elementor-element elementor-element-a181f44 e-flex e-con-boxed e-con e-parent\" data-id=\"a181f44\" data-element_type=\"container\" data-e-type=\"container\">\n\t\t\t\t\t<div class=\"e-con-inner\">\n\t\t\t\t<div class=\"elementor-element elementor-element-35d0e037 elementor-widget elementor-widget-text-editor\" data-id=\"35d0e037\" data-element_type=\"widget\" data-e-type=\"widget\" data-widget_type=\"text-editor.default\">\n\t\t\t\t<div class=\"elementor-widget-container\">\n\t\t\t\t\t\t\t\t\t<p>Idanha-a-Nova \u00e9 reconhecida pela UNESCO como <strong>Cidade Criativa da M\u00fasica desde 2015<\/strong>; esta localidade \u00e9 um santu\u00e1rio de tradi\u00e7\u00f5es sonoras vivas. Aqui, o ritmo \u00e9 marcado pelo <strong>Adufe<\/strong>, o emblem\u00e1tico pandeiro quadrado de origem \u00e1rabe que as m\u00e3os das adufeiras fazem soar h\u00e1 s\u00e9culos, enchendo pra\u00e7as, ruas e aldeias de identidade e emo\u00e7\u00e3o.<\/p> <p>Cada recanto vibra com m\u00fasica e hist\u00f3ria, oferecendo uma experi\u00eancia \u00fanica que distingue Idanha-a-Nova de qualquer outro munic\u00edpio de Portugal.<\/p>\t\t\t\t\t\t\t\t<\/div>\n\t\t\t\t<\/div>\n\t\t\t\t<div class=\"elementor-element elementor-element-644fe045 elementor-widget elementor-widget-heading\" data-id=\"644fe045\" data-element_type=\"widget\" data-e-type=\"widget\" data-widget_type=\"heading.default\">\n\t\t\t\t<div class=\"elementor-widget-container\">\n\t\t\t\t\t<h2 class=\"elementor-heading-title elementor-size-default\">Aldeias hist\u00f3ricas<\/h2>\t\t\t\t<\/div>\n\t\t\t\t<\/div>\n\t\t\t\t<div class=\"elementor-element elementor-element-6d778b1b elementor-widget elementor-widget-text-editor\" data-id=\"6d778b1b\" data-element_type=\"widget\" data-e-type=\"widget\" data-widget_type=\"text-editor.default\">\n\t\t\t\t<div class=\"elementor-widget-container\">\n\t\t\t\t\t\t\t\t\tO patrim\u00f3nio de Idanha-a-Nova combina hist\u00f3ria e natureza: desde Monsanto e as suas ruas de granito at\u00e9 Idanha-a-Velha e os seus vest\u00edgios visig\u00f3ticos e templ\u00e1rios, as suas paisagens e monumentos convidam a uma viagem \u00fanica atrav\u00e9s do tempo.\t\t\t\t\t\t\t\t<\/div>\n\t\t\t\t<\/div>\n\t\t\t\t<div class=\"elementor-element elementor-element-53a817b4 elementor-icon-list--layout-traditional elementor-list-item-link-full_width elementor-widget elementor-widget-icon-list\" data-id=\"53a817b4\" data-element_type=\"widget\" data-e-type=\"widget\" data-widget_type=\"icon-list.default\">\n\t\t\t\t<div class=\"elementor-widget-container\">\n\t\t\t\t\t\t\t<ul class=\"elementor-icon-list-items\">\n\t\t\t\t\t\t\t<li class=\"elementor-icon-list-item\">\n\t\t\t\t\t\t\t\t\t\t\t<span class=\"elementor-icon-list-icon\">\n\t\t\t\t\t\t\t<svg aria-hidden=\"true\" class=\"e-font-icon-svg e-fas-check-circle\" viewBox=\"0 0 512 512\" xmlns=\"http:\/\/www.w3.org\/2000\/svg\"><path d=\"M504 256c0 136.967-111.033 248-248 248S8 392.967 8 256 119.033 8 256 8s248 111.033 248 248zM227.314 387.314l184-184c6.248-6.248 6.248-16.379 0-22.627l-22.627-22.627c-6.248-6.249-16.379-6.249-22.628 0L216 308.118l-70.059-70.059c-6.248-6.248-16.379-6.248-22.628 0l-22.627 22.627c-6.248 6.248-6.248 16.379 0 22.627l104 104c6.249 6.249 16.379 6.249 22.628.001z\"><\/path><\/svg>\t\t\t\t\t\t<\/span>\n\t\t\t\t\t\t\t\t\t\t<span class=\"elementor-icon-list-text\"><strong>Monsanto:<\/strong> conhecida como a \u201cAldeia mais portuguesa de Portugal\u201d, onde o granito e a arquitetura se fundem num equil\u00edbrio quase imposs\u00edvel, oferecendo ruas e casas \u00fanicas.<\/span>\n\t\t\t\t\t\t\t\t\t<\/li>\n\t\t\t\t\t\t\t\t<li class=\"elementor-icon-list-item\">\n\t\t\t\t\t\t\t\t\t\t\t<span class=\"elementor-icon-list-icon\">\n\t\t\t\t\t\t\t<svg aria-hidden=\"true\" class=\"e-font-icon-svg e-fas-check-circle\" viewBox=\"0 0 512 512\" xmlns=\"http:\/\/www.w3.org\/2000\/svg\"><path d=\"M504 256c0 136.967-111.033 248-248 248S8 392.967 8 256 119.033 8 256 8s248 111.033 248 248zM227.314 387.314l184-184c6.248-6.248 6.248-16.379 0-22.627l-22.627-22.627c-6.248-6.249-16.379-6.249-22.628 0L216 308.118l-70.059-70.059c-6.248-6.248-16.379-6.248-22.628 0l-22.627 22.627c-6.248 6.248-6.248 16.379 0 22.627l104 104c6.249 6.249 16.379 6.249 22.628.001z\"><\/path><\/svg>\t\t\t\t\t\t<\/span>\n\t\t\t\t\t\t\t\t\t\t<span class=\"elementor-icon-list-text\"><strong>Idanha-a-Velha:<\/strong> \u00e9 um tesouro arqueol\u00f3gico e uma antiga cidade romana (Egitania), sede de um bispado visig\u00f3tico; a sua catedral visig\u00f3tica \u00e9 \u00fanica na Pen\u00ednsula Ib\u00e9rica.<\/span>\n\t\t\t\t\t\t\t\t\t<\/li>\n\t\t\t\t\t\t\t\t<li class=\"elementor-icon-list-item\">\n\t\t\t\t\t\t\t\t\t\t\t<span class=\"elementor-icon-list-icon\">\n\t\t\t\t\t\t\t<svg aria-hidden=\"true\" class=\"e-font-icon-svg e-fas-check-circle\" viewBox=\"0 0 512 512\" xmlns=\"http:\/\/www.w3.org\/2000\/svg\"><path d=\"M504 256c0 136.967-111.033 248-248 248S8 392.967 8 256 119.033 8 256 8s248 111.033 248 248zM227.314 387.314l184-184c6.248-6.248 6.248-16.379 0-22.627l-22.627-22.627c-6.248-6.249-16.379-6.249-22.628 0L216 308.118l-70.059-70.059c-6.248-6.248-16.379-6.248-22.628 0l-22.627 22.627c-6.248 6.248-6.248 16.379 0 22.627l104 104c6.249 6.249 16.379 6.249 22.628.001z\"><\/path><\/svg>\t\t\t\t\t\t<\/span>\n\t\t\t\t\t\t\t\t\t\t<span class=\"elementor-icon-list-text\"><strong>Legado templ\u00e1rio:<\/strong> conta com castelos e fortalezas que guardam a fronteira e conservam os segredos da Ordem do Templo.<\/span>\n\t\t\t\t\t\t\t\t\t<\/li>\n\t\t\t\t\t\t<\/ul>\n\t\t\t\t\t\t<\/div>\n\t\t\t\t<\/div>\n\t\t\t\t<div class=\"elementor-element elementor-element-9e04b7f elementor-widget elementor-widget-text-editor\" data-id=\"9e04b7f\" data-element_type=\"widget\" data-e-type=\"widget\" data-widget_type=\"text-editor.default\">\n\t\t\t\t<div class=\"elementor-widget-container\">\n\t\t\t\t\t\t\t\t\tEste mosaico de hist\u00f3ria transforma o munic\u00edpio num museu ao ar livre, onde cada pedra, igreja e ru\u00edna conta um cap\u00edtulo da sua rica trajet\u00f3ria cultural.\t\t\t\t\t\t\t\t<\/div>\n\t\t\t\t<\/div>\n\t\t\t\t<div class=\"elementor-element elementor-element-624d1d28 elementor-widget elementor-widget-heading\" data-id=\"624d1d28\" data-element_type=\"widget\" data-e-type=\"widget\" data-widget_type=\"heading.default\">\n\t\t\t\t<div class=\"elementor-widget-container\">\n\t\t\t\t\t<h2 class=\"elementor-heading-title elementor-size-default\">Regi\u00e3o sustent\u00e1vel<\/h2>\t\t\t\t<\/div>\n\t\t\t\t<\/div>\n\t\t\t\t<div class=\"elementor-element elementor-element-f5cb905 elementor-widget elementor-widget-text-editor\" data-id=\"f5cb905\" data-element_type=\"widget\" data-e-type=\"widget\" data-widget_type=\"text-editor.default\">\n\t\t\t\t<div class=\"elementor-widget-container\">\n\t\t\t\t\t\t\t\t\t<p>Idanha-a-Nova \u00e9 <strong>a primeira Bio-Regi\u00e3o de Portugal<\/strong>, um modelo de agricultura biol\u00f3gica e turismo sustent\u00e1vel. Desde as \u00e1guas da <strong>Barragem de Marechal Carmona<\/strong>, palco do mundialmente famoso <strong>Boom Festival<\/strong>, at\u00e9 \u00e0s florestas e montados do Parque Natural do Tejo Internacional, a regi\u00e3o combina inova\u00e7\u00e3o, natureza e tradi\u00e7\u00e3o, oferecendo experi\u00eancias sustent\u00e1veis a visitantes de todo o mundo.<\/p>\n\n<p>O <strong>Boom Festival<\/strong>, realizado de dois em dois anos, atrai milhares de pessoas de mais de 100 pa\u00edses, consolidando Idanha-a-Nova como um epicentro de m\u00fasica, cultura transformadora e criatividade global.<\/p>\n\t\t\t\t\t\t\t\t<\/div>\n\t\t\t\t<\/div>\n\t\t\t\t<div class=\"elementor-element elementor-element-14f996b elementor-widget elementor-widget-heading\" data-id=\"14f996b\" data-element_type=\"widget\" data-e-type=\"widget\" data-widget_type=\"heading.default\">\n\t\t\t\t<div class=\"elementor-widget-container\">\n\t\t\t\t\t<h2 class=\"elementor-heading-title elementor-size-default\">Sabores de tradi\u00e7\u00e3o e pureza<\/h2>\t\t\t\t<\/div>\n\t\t\t\t<\/div>\n\t\t\t\t<div class=\"elementor-element elementor-element-ec4bc41 elementor-widget elementor-widget-text-editor\" data-id=\"ec4bc41\" data-element_type=\"widget\" data-e-type=\"widget\" data-widget_type=\"text-editor.default\">\n\t\t\t\t<div class=\"elementor-widget-container\">\n\t\t\t\t\t\t\t\t\tA gastronomia reflete a liga\u00e7\u00e3o \u00e0 terra e \u00e0 hist\u00f3ria:\t\t\t\t\t\t\t\t<\/div>\n\t\t\t\t<\/div>\n\t\t\t\t<div class=\"elementor-element elementor-element-cd35114 elementor-icon-list--layout-traditional elementor-list-item-link-full_width elementor-widget elementor-widget-icon-list\" data-id=\"cd35114\" data-element_type=\"widget\" data-e-type=\"widget\" data-widget_type=\"icon-list.default\">\n\t\t\t\t<div class=\"elementor-widget-container\">\n\t\t\t\t\t\t\t<ul class=\"elementor-icon-list-items\">\n\t\t\t\t\t\t\t<li class=\"elementor-icon-list-item\">\n\t\t\t\t\t\t\t\t\t\t\t<span class=\"elementor-icon-list-icon\">\n\t\t\t\t\t\t\t<svg aria-hidden=\"true\" class=\"e-font-icon-svg e-fas-check-circle\" viewBox=\"0 0 512 512\" xmlns=\"http:\/\/www.w3.org\/2000\/svg\"><path d=\"M504 256c0 136.967-111.033 248-248 248S8 392.967 8 256 119.033 8 256 8s248 111.033 248 248zM227.314 387.314l184-184c6.248-6.248 6.248-16.379 0-22.627l-22.627-22.627c-6.248-6.249-16.379-6.249-22.628 0L216 308.118l-70.059-70.059c-6.248-6.248-16.379-6.248-22.628 0l-22.627 22.627c-6.248 6.248-6.248 16.379 0 22.627l104 104c6.249 6.249 16.379 6.249 22.628.001z\"><\/path><\/svg>\t\t\t\t\t\t<\/span>\n\t\t\t\t\t\t\t\t\t\t<span class=\"elementor-icon-list-text\"><strong>Produtos biol\u00f3gicos:<\/strong> azeite premium, mel silvestre e os famosos queijos de Idanha.<\/span>\n\t\t\t\t\t\t\t\t\t<\/li>\n\t\t\t\t\t\t\t\t<li class=\"elementor-icon-list-item\">\n\t\t\t\t\t\t\t\t\t\t\t<span class=\"elementor-icon-list-icon\">\n\t\t\t\t\t\t\t<svg aria-hidden=\"true\" class=\"e-font-icon-svg e-fas-check-circle\" viewBox=\"0 0 512 512\" xmlns=\"http:\/\/www.w3.org\/2000\/svg\"><path d=\"M504 256c0 136.967-111.033 248-248 248S8 392.967 8 256 119.033 8 256 8s248 111.033 248 248zM227.314 387.314l184-184c6.248-6.248 6.248-16.379 0-22.627l-22.627-22.627c-6.248-6.249-16.379-6.249-22.628 0L216 308.118l-70.059-70.059c-6.248-6.248-16.379-6.248-22.628 0l-22.627 22.627c-6.248 6.248-6.248 16.379 0 22.627l104 104c6.249 6.249 16.379 6.249 22.628.001z\"><\/path><\/svg>\t\t\t\t\t\t<\/span>\n\t\t\t\t\t\t\t\t\t\t<span class=\"elementor-icon-list-text\"><strong>Mesa com mem\u00f3ria:<\/strong> pratos que fundem a robustez da Beira Baixa com a ess\u00eancia do Alentejo, servidos com a hospitalidade que caracteriza a regi\u00e3o.<\/span>\n\t\t\t\t\t\t\t\t\t<\/li>\n\t\t\t\t\t\t<\/ul>\n\t\t\t\t\t\t<\/div>\n\t\t\t\t<\/div>\n\t\t\t\t<div class=\"elementor-element elementor-element-8e0327e elementor-widget elementor-widget-text-editor\" data-id=\"8e0327e\" data-element_type=\"widget\" data-e-type=\"widget\" data-widget_type=\"text-editor.default\">\n\t\t\t\t<div class=\"elementor-widget-container\">\n\t\t\t\t\t\t\t\t\tCada refei\u00e7\u00e3o \u00e9 uma homenagem \u00e0 tradi\u00e7\u00e3o, \u00e0 natureza e ao respeito pela terra que deu a Idanha-a-Nova a sua identidade durante s\u00e9culos.\t\t\t\t\t\t\t\t<\/div>\n\t\t\t\t<\/div>\n\t\t\t\t\t<\/div>\n\t\t\t\t<\/div>\n\t\t<div class=\"elementor-element elementor-element-2e910cc0 e-con-full e-flex e-con e-parent\" data-id=\"2e910cc0\" data-element_type=\"container\" data-e-type=\"container\">\n\t\t\t\t<div class=\"elementor-element elementor-element-5264c611 elementor-widget elementor-widget-gallery\" data-id=\"5264c611\" data-element_type=\"widget\" data-e-type=\"widget\" data-settings=\"{&quot;columns&quot;:3,&quot;gap&quot;:{&quot;unit&quot;:&quot;px&quot;,&quot;size&quot;:9,&quot;sizes&quot;:[]},&quot;lazyload&quot;:&quot;yes&quot;,&quot;gallery_layout&quot;:&quot;grid&quot;,&quot;columns_tablet&quot;:2,&quot;columns_mobile&quot;:1,&quot;gap_laptop&quot;:{&quot;unit&quot;:&quot;px&quot;,&quot;size&quot;:10,&quot;sizes&quot;:[]},&quot;gap_tablet&quot;:{&quot;unit&quot;:&quot;px&quot;,&quot;size&quot;:10,&quot;sizes&quot;:[]},&quot;gap_mobile&quot;:{&quot;unit&quot;:&quot;px&quot;,&quot;size&quot;:10,&quot;sizes&quot;:[]},&quot;link_to&quot;:&quot;file&quot;,&quot;aspect_ratio&quot;:&quot;3:2&quot;,&quot;overlay_background&quot;:&quot;yes&quot;,&quot;content_hover_animation&quot;:&quot;fade-in&quot;}\" data-widget_type=\"gallery.default\">\n\t\t\t\t<div class=\"elementor-widget-container\">\n\t\t\t\t\t\t\t<div class=\"elementor-gallery__container\">\n\t\t\t\t\t\t\t<a class=\"e-gallery-item elementor-gallery-item elementor-animated-content\" href=\"https:\/\/teunesco.com\/wp-content\/uploads\/2026\/01\/Idanha-a-Nova-3.jpg\" data-elementor-open-lightbox=\"yes\" data-elementor-lightbox-slideshow=\"5264c611\" data-elementor-lightbox-title=\"Idanha-a-Nova-3\" data-e-action-hash=\"#elementor-action%3Aaction%3Dlightbox%26settings%3DeyJpZCI6MjQyMiwidXJsIjoiaHR0cHM6XC9cL3RldW5lc2NvLmNvbVwvd3AtY29udGVudFwvdXBsb2Fkc1wvMjAyNlwvMDFcL0lkYW5oYS1hLU5vdmEtMy5qcGciLCJzbGlkZXNob3ciOiI1MjY0YzYxMSJ9\">\n\t\t\t\t\t<div class=\"e-gallery-image elementor-gallery-item__image\" data-thumbnail=\"https:\/\/teunesco.com\/wp-content\/uploads\/2026\/01\/Idanha-a-Nova-3-1024x683.jpg\" data-width=\"800\" data-height=\"534\" aria-label=\"\" role=\"img\" ><\/div>\n\t\t\t\t\t\t\t\t\t\t\t<div class=\"elementor-gallery-item__overlay\"><\/div>\n\t\t\t\t\t\t\t\t\t\t\t\t\t\t<\/a>\n\t\t\t\t\t\t\t<a class=\"e-gallery-item elementor-gallery-item elementor-animated-content\" href=\"https:\/\/teunesco.com\/wp-content\/uploads\/2026\/01\/Idanha-a-Nova-2.jpg\" data-elementor-open-lightbox=\"yes\" data-elementor-lightbox-slideshow=\"5264c611\" data-elementor-lightbox-title=\"Idanha-a-Nova-2\" data-e-action-hash=\"#elementor-action%3Aaction%3Dlightbox%26settings%3DeyJpZCI6MjQyMywidXJsIjoiaHR0cHM6XC9cL3RldW5lc2NvLmNvbVwvd3AtY29udGVudFwvdXBsb2Fkc1wvMjAyNlwvMDFcL0lkYW5oYS1hLU5vdmEtMi5qcGciLCJzbGlkZXNob3ciOiI1MjY0YzYxMSJ9\">\n\t\t\t\t\t<div class=\"e-gallery-image elementor-gallery-item__image\" data-thumbnail=\"https:\/\/teunesco.com\/wp-content\/uploads\/2026\/01\/Idanha-a-Nova-2-1024x683.jpg\" data-width=\"800\" data-height=\"534\" aria-label=\"\" role=\"img\" ><\/div>\n\t\t\t\t\t\t\t\t\t\t\t<div class=\"elementor-gallery-item__overlay\"><\/div>\n\t\t\t\t\t\t\t\t\t\t\t\t\t\t<\/a>\n\t\t\t\t\t\t\t<a class=\"e-gallery-item elementor-gallery-item elementor-animated-content\" href=\"https:\/\/teunesco.com\/wp-content\/uploads\/2026\/01\/Idanha-a-Nova.jpg\" data-elementor-open-lightbox=\"yes\" data-elementor-lightbox-slideshow=\"5264c611\" data-elementor-lightbox-title=\"Idanha-a-Nova\" data-e-action-hash=\"#elementor-action%3Aaction%3Dlightbox%26settings%3DeyJpZCI6MjQyNCwidXJsIjoiaHR0cHM6XC9cL3RldW5lc2NvLmNvbVwvd3AtY29udGVudFwvdXBsb2Fkc1wvMjAyNlwvMDFcL0lkYW5oYS1hLU5vdmEuanBnIiwic2xpZGVzaG93IjoiNTI2NGM2MTEifQ%3D%3D\">\n\t\t\t\t\t<div class=\"e-gallery-image elementor-gallery-item__image\" data-thumbnail=\"https:\/\/teunesco.com\/wp-content\/uploads\/2026\/01\/Idanha-a-Nova-1024x683.jpg\" data-width=\"800\" data-height=\"534\" aria-label=\"\" role=\"img\" ><\/div>\n\t\t\t\t\t\t\t\t\t\t\t<div class=\"elementor-gallery-item__overlay\"><\/div>\n\t\t\t\t\t\t\t\t\t\t\t\t\t\t<\/a>\n\t\t\t\t\t<\/div>\n\t\t\t\t\t<\/div>\n\t\t\t\t<\/div>\n\t\t\t\t<\/div>\n\t\t<div class=\"elementor-element elementor-element-5b813a09 e-flex e-con-boxed e-con e-parent\" data-id=\"5b813a09\" data-element_type=\"container\" data-e-type=\"container\">\n\t\t\t\t\t<div class=\"e-con-inner\">\n\t\t\t\t<div class=\"elementor-element elementor-element-792ad4c2 elementor-widget elementor-widget-heading\" data-id=\"792ad4c2\" data-element_type=\"widget\" data-e-type=\"widget\" data-widget_type=\"heading.default\">\n\t\t\t\t<div class=\"elementor-widget-container\">\n\t\t\t\t\t<h2 class=\"elementor-heading-title elementor-size-default\">Not\u00edcias relacionadas<\/h2>\t\t\t\t<\/div>\n\t\t\t\t<\/div>\n\t\t\t\t<div class=\"elementor-element elementor-element-52030f60 elementor-grid-3 elementor-grid-tablet-2 elementor-grid-mobile-1 elementor-widget elementor-widget-loop-grid\" data-id=\"52030f60\" data-element_type=\"widget\" data-e-type=\"widget\" data-settings=\"{&quot;template_id&quot;:473,&quot;row_gap&quot;:{&quot;unit&quot;:&quot;px&quot;,&quot;size&quot;:40,&quot;sizes&quot;:[]},&quot;_skin&quot;:&quot;post&quot;,&quot;columns&quot;:&quot;3&quot;,&quot;columns_tablet&quot;:&quot;2&quot;,&quot;columns_mobile&quot;:&quot;1&quot;,&quot;edit_handle_selector&quot;:&quot;[data-elementor-type=\\&quot;loop-item\\&quot;]&quot;,&quot;row_gap_laptop&quot;:{&quot;unit&quot;:&quot;px&quot;,&quot;size&quot;:&quot;&quot;,&quot;sizes&quot;:[]},&quot;row_gap_tablet&quot;:{&quot;unit&quot;:&quot;px&quot;,&quot;size&quot;:&quot;&quot;,&quot;sizes&quot;:[]},&quot;row_gap_mobile&quot;:{&quot;unit&quot;:&quot;px&quot;,&quot;size&quot;:&quot;&quot;,&quot;sizes&quot;:[]}}\" data-widget_type=\"loop-grid.post\">\n\t\t\t\t<div class=\"elementor-widget-container\">\n\t\t\t\t\t\t\t<div class=\"e-loop-nothing-found-message\">\n\t\t\t\t\t<div class=\"e-loop-nothing-found-message__text\">\n\t\t\t\tN\u00e3o h\u00e1 not\u00edcias relacionadas.\t\t\t<\/div>\n\t\t\t<\/div>\n\t\t\t\t\t\t<\/div>\n\t\t\t\t<\/div>\n\t\t\t\t\t<\/div>\n\t\t\t\t<\/div>\n\t\t\t\t<\/div>\n\t\t","protected":false},"excerpt":{"rendered":"<p>Idanha-a-Nova \u00e9 reconhecida pela UNESCO como Cidade Criativa da M\u00fasica desde 2015; esta localidade \u00e9 um santu\u00e1rio de tradi\u00e7\u00f5es sonoras vivas. Aqui, o ritmo \u00e9 marcado pelo Adufe, o emblem\u00e1tico pandeiro quadrado de origem \u00e1rabe que as m\u00e3os das adufeiras fazem soar h\u00e1 s\u00e9culos, enchendo pra\u00e7as, ruas e aldeias de identidade e emo\u00e7\u00e3o. Cada recanto [&hellip;]<\/p>\n","protected":false},"author":1,"featured_media":2421,"parent":2386,"menu_order":0,"comment_status":"closed","ping_status":"closed","template":"","meta":{"footnotes":""},"class_list":["post-2420","page","type-page","status-publish","has-post-thumbnail","hentry"],"yoast_head":"<!-- This site is optimized with the Yoast SEO plugin v27.1.1 - https:\/\/yoast.com\/product\/yoast-seo-wordpress\/ -->\n<title>Idanha a Nova - TEUNESCO<\/title>\n<meta name=\"robots\" content=\"index, follow, max-snippet:-1, max-image-preview:large, max-video-preview:-1\" \/>\n<link rel=\"canonical\" href=\"https:\/\/teunesco.com\/pt-pt\/parceiros\/idanha-a-nova\/\" \/>\n<meta property=\"og:locale\" content=\"pt_PT\" \/>\n<meta property=\"og:type\" content=\"article\" \/>\n<meta property=\"og:title\" content=\"Idanha a Nova - TEUNESCO\" \/>\n<meta property=\"og:description\" content=\"Idanha-a-Nova \u00e9 reconhecida pela UNESCO como Cidade Criativa da M\u00fasica desde 2015; esta localidade \u00e9 um santu\u00e1rio de tradi\u00e7\u00f5es sonoras vivas. Aqui, o ritmo \u00e9 marcado pelo Adufe, o emblem\u00e1tico pandeiro quadrado de origem \u00e1rabe que as m\u00e3os das adufeiras fazem soar h\u00e1 s\u00e9culos, enchendo pra\u00e7as, ruas e aldeias de identidade e emo\u00e7\u00e3o. Cada recanto [&hellip;]\" \/>\n<meta property=\"og:url\" content=\"https:\/\/teunesco.com\/pt-pt\/parceiros\/idanha-a-nova\/\" \/>\n<meta property=\"og:site_name\" content=\"TEUNESCO\" \/>\n<meta property=\"article:modified_time\" content=\"2026-03-24T13:16:23+00:00\" \/>\n<meta property=\"og:image\" content=\"https:\/\/teunesco.com\/wp-content\/uploads\/2026\/01\/Idanha-a-Nova-tit.jpg\" \/>\n\t<meta property=\"og:image:width\" content=\"2000\" \/>\n\t<meta property=\"og:image:height\" content=\"800\" \/>\n\t<meta property=\"og:image:type\" content=\"image\/jpeg\" \/>\n<meta name=\"twitter:card\" content=\"summary_large_image\" \/>\n<meta name=\"twitter:label1\" content=\"Tempo estimado de leitura\" \/>\n\t<meta name=\"twitter:data1\" content=\"3 minutos\" \/>\n<script type=\"application\/ld+json\" class=\"yoast-schema-graph\">{\"@context\":\"https:\/\/schema.org\",\"@graph\":[{\"@type\":\"WebPage\",\"@id\":\"https:\/\/teunesco.com\/pt-pt\/parceiros\/idanha-a-nova\/\",\"url\":\"https:\/\/teunesco.com\/pt-pt\/parceiros\/idanha-a-nova\/\",\"name\":\"Idanha a Nova - TEUNESCO\",\"isPartOf\":{\"@id\":\"https:\/\/teunesco.com\/pt-pt\/#website\"},\"primaryImageOfPage\":{\"@id\":\"https:\/\/teunesco.com\/pt-pt\/parceiros\/idanha-a-nova\/#primaryimage\"},\"image\":{\"@id\":\"https:\/\/teunesco.com\/pt-pt\/parceiros\/idanha-a-nova\/#primaryimage\"},\"thumbnailUrl\":\"https:\/\/teunesco.com\/wp-content\/uploads\/2026\/01\/Idanha-a-Nova-tit.jpg\",\"datePublished\":\"2025-12-03T09:53:13+00:00\",\"dateModified\":\"2026-03-24T13:16:23+00:00\",\"breadcrumb\":{\"@id\":\"https:\/\/teunesco.com\/pt-pt\/parceiros\/idanha-a-nova\/#breadcrumb\"},\"inLanguage\":\"pt-PT\",\"potentialAction\":[{\"@type\":\"ReadAction\",\"target\":[\"https:\/\/teunesco.com\/pt-pt\/parceiros\/idanha-a-nova\/\"]}]},{\"@type\":\"ImageObject\",\"inLanguage\":\"pt-PT\",\"@id\":\"https:\/\/teunesco.com\/pt-pt\/parceiros\/idanha-a-nova\/#primaryimage\",\"url\":\"https:\/\/teunesco.com\/wp-content\/uploads\/2026\/01\/Idanha-a-Nova-tit.jpg\",\"contentUrl\":\"https:\/\/teunesco.com\/wp-content\/uploads\/2026\/01\/Idanha-a-Nova-tit.jpg\",\"width\":2000,\"height\":800},{\"@type\":\"BreadcrumbList\",\"@id\":\"https:\/\/teunesco.com\/pt-pt\/parceiros\/idanha-a-nova\/#breadcrumb\",\"itemListElement\":[{\"@type\":\"ListItem\",\"position\":1,\"name\":\"In\u00edcio\",\"item\":\"https:\/\/teunesco.com\/pt-pt\/\"},{\"@type\":\"ListItem\",\"position\":2,\"name\":\"Parceiros\",\"item\":\"https:\/\/teunesco.com\/pt-pt\/parceiros\/\"},{\"@type\":\"ListItem\",\"position\":3,\"name\":\"Idanha a Nova\"}]},{\"@type\":\"WebSite\",\"@id\":\"https:\/\/teunesco.com\/pt-pt\/#website\",\"url\":\"https:\/\/teunesco.com\/pt-pt\/\",\"name\":\"TEUNESCO\",\"description\":\"\",\"potentialAction\":[{\"@type\":\"SearchAction\",\"target\":{\"@type\":\"EntryPoint\",\"urlTemplate\":\"https:\/\/teunesco.com\/pt-pt\/?s={search_term_string}\"},\"query-input\":{\"@type\":\"PropertyValueSpecification\",\"valueRequired\":true,\"valueName\":\"search_term_string\"}}],\"inLanguage\":\"pt-PT\"}]}<\/script>\n<!-- \/ Yoast SEO plugin. -->","yoast_head_json":{"title":"Idanha a Nova - TEUNESCO","robots":{"index":"index","follow":"follow","max-snippet":"max-snippet:-1","max-image-preview":"max-image-preview:large","max-video-preview":"max-video-preview:-1"},"canonical":"https:\/\/teunesco.com\/pt-pt\/parceiros\/idanha-a-nova\/","og_locale":"pt_PT","og_type":"article","og_title":"Idanha a Nova - TEUNESCO","og_description":"Idanha-a-Nova \u00e9 reconhecida pela UNESCO como Cidade Criativa da M\u00fasica desde 2015; esta localidade \u00e9 um santu\u00e1rio de tradi\u00e7\u00f5es sonoras vivas. Aqui, o ritmo \u00e9 marcado pelo Adufe, o emblem\u00e1tico pandeiro quadrado de origem \u00e1rabe que as m\u00e3os das adufeiras fazem soar h\u00e1 s\u00e9culos, enchendo pra\u00e7as, ruas e aldeias de identidade e emo\u00e7\u00e3o. Cada recanto [&hellip;]","og_url":"https:\/\/teunesco.com\/pt-pt\/parceiros\/idanha-a-nova\/","og_site_name":"TEUNESCO","article_modified_time":"2026-03-24T13:16:23+00:00","og_image":[{"width":2000,"height":800,"url":"https:\/\/teunesco.com\/wp-content\/uploads\/2026\/01\/Idanha-a-Nova-tit.jpg","type":"image\/jpeg"}],"twitter_card":"summary_large_image","twitter_misc":{"Tempo estimado de leitura":"3 minutos"},"schema":{"@context":"https:\/\/schema.org","@graph":[{"@type":"WebPage","@id":"https:\/\/teunesco.com\/pt-pt\/parceiros\/idanha-a-nova\/","url":"https:\/\/teunesco.com\/pt-pt\/parceiros\/idanha-a-nova\/","name":"Idanha a Nova - TEUNESCO","isPartOf":{"@id":"https:\/\/teunesco.com\/pt-pt\/#website"},"primaryImageOfPage":{"@id":"https:\/\/teunesco.com\/pt-pt\/parceiros\/idanha-a-nova\/#primaryimage"},"image":{"@id":"https:\/\/teunesco.com\/pt-pt\/parceiros\/idanha-a-nova\/#primaryimage"},"thumbnailUrl":"https:\/\/teunesco.com\/wp-content\/uploads\/2026\/01\/Idanha-a-Nova-tit.jpg","datePublished":"2025-12-03T09:53:13+00:00","dateModified":"2026-03-24T13:16:23+00:00","breadcrumb":{"@id":"https:\/\/teunesco.com\/pt-pt\/parceiros\/idanha-a-nova\/#breadcrumb"},"inLanguage":"pt-PT","potentialAction":[{"@type":"ReadAction","target":["https:\/\/teunesco.com\/pt-pt\/parceiros\/idanha-a-nova\/"]}]},{"@type":"ImageObject","inLanguage":"pt-PT","@id":"https:\/\/teunesco.com\/pt-pt\/parceiros\/idanha-a-nova\/#primaryimage","url":"https:\/\/teunesco.com\/wp-content\/uploads\/2026\/01\/Idanha-a-Nova-tit.jpg","contentUrl":"https:\/\/teunesco.com\/wp-content\/uploads\/2026\/01\/Idanha-a-Nova-tit.jpg","width":2000,"height":800},{"@type":"BreadcrumbList","@id":"https:\/\/teunesco.com\/pt-pt\/parceiros\/idanha-a-nova\/#breadcrumb","itemListElement":[{"@type":"ListItem","position":1,"name":"In\u00edcio","item":"https:\/\/teunesco.com\/pt-pt\/"},{"@type":"ListItem","position":2,"name":"Parceiros","item":"https:\/\/teunesco.com\/pt-pt\/parceiros\/"},{"@type":"ListItem","position":3,"name":"Idanha a Nova"}]},{"@type":"WebSite","@id":"https:\/\/teunesco.com\/pt-pt\/#website","url":"https:\/\/teunesco.com\/pt-pt\/","name":"TEUNESCO","description":"","potentialAction":[{"@type":"SearchAction","target":{"@type":"EntryPoint","urlTemplate":"https:\/\/teunesco.com\/pt-pt\/?s={search_term_string}"},"query-input":{"@type":"PropertyValueSpecification","valueRequired":true,"valueName":"search_term_string"}}],"inLanguage":"pt-PT"}]}},"_links":{"self":[{"href":"https:\/\/teunesco.com\/pt-pt\/wp-json\/wp\/v2\/pages\/2420","targetHints":{"allow":["GET"]}}],"collection":[{"href":"https:\/\/teunesco.com\/pt-pt\/wp-json\/wp\/v2\/pages"}],"about":[{"href":"https:\/\/teunesco.com\/pt-pt\/wp-json\/wp\/v2\/types\/page"}],"author":[{"embeddable":true,"href":"https:\/\/teunesco.com\/pt-pt\/wp-json\/wp\/v2\/users\/1"}],"replies":[{"embeddable":true,"href":"https:\/\/teunesco.com\/pt-pt\/wp-json\/wp\/v2\/comments?post=2420"}],"version-history":[{"count":4,"href":"https:\/\/teunesco.com\/pt-pt\/wp-json\/wp\/v2\/pages\/2420\/revisions"}],"predecessor-version":[{"id":2428,"href":"https:\/\/teunesco.com\/pt-pt\/wp-json\/wp\/v2\/pages\/2420\/revisions\/2428"}],"up":[{"embeddable":true,"href":"https:\/\/teunesco.com\/pt-pt\/wp-json\/wp\/v2\/pages\/2386"}],"wp:featuredmedia":[{"embeddable":true,"href":"https:\/\/teunesco.com\/pt-pt\/wp-json\/wp\/v2\/media\/2421"}],"wp:attachment":[{"href":"https:\/\/teunesco.com\/pt-pt\/wp-json\/wp\/v2\/media?parent=2420"}],"curies":[{"name":"wp","href":"https:\/\/api.w.org\/{rel}","templated":true}]}}