{"id":2404,"date":"2025-12-03T10:52:05","date_gmt":"2025-12-03T09:52:05","guid":{"rendered":"https:\/\/teunesco.com\/parceiros\/castelo-de-vide\/"},"modified":"2026-03-24T13:50:06","modified_gmt":"2026-03-24T12:50:06","slug":"castelo-de-vide","status":"publish","type":"page","link":"https:\/\/teunesco.com\/pt-pt\/parceiros\/castelo-de-vide\/","title":{"rendered":"Castelo de Vide"},"content":{"rendered":"\t\t<div data-elementor-type=\"wp-page\" data-elementor-id=\"2404\" class=\"elementor elementor-2404 elementor-289\" data-elementor-post-type=\"page\">\n\t\t\t\t<div class=\"elementor-element elementor-element-5cd6a5d0 e-flex e-con-boxed e-con e-parent\" data-id=\"5cd6a5d0\" data-element_type=\"container\" data-e-type=\"container\">\n\t\t\t\t\t<div class=\"e-con-inner\">\n\t\t\t\t<div class=\"elementor-element elementor-element-06ee51d elementor-widget elementor-widget-text-editor\" data-id=\"06ee51d\" data-element_type=\"widget\" data-e-type=\"widget\" data-widget_type=\"text-editor.default\">\n\t\t\t\t<div class=\"elementor-widget-container\">\n\t\t\t\t\t\t\t\t\tCastelo de Vide \u00e9 <strong>uma das vilas mais pitorescas do Alto Alentejo<\/strong>, situada nas encostas da Serra de S\u00e3o Mamede, muito perto da fronteira com Espanha. Gra\u00e7as ao seu tra\u00e7ado medieval e \u00e0 sua harmoniosa arquitetura branca, \u00e9 conhecida como a \u201cSintra do Alentejo\u201d. Entre muralhas, fontes e ruas empedradas, a localidade conserva um car\u00e1ter aut\u00eantico e sereno, oferecendo uma experi\u00eancia marcada pela identidade cultural e pela paisagem.\t\t\t\t\t\t\t\t<\/div>\n\t\t\t\t<\/div>\n\t\t\t\t<div class=\"elementor-element elementor-element-44f4325b elementor-widget elementor-widget-heading\" data-id=\"44f4325b\" data-element_type=\"widget\" data-e-type=\"widget\" data-widget_type=\"heading.default\">\n\t\t\t\t<div class=\"elementor-widget-container\">\n\t\t\t\t\t<h2 class=\"elementor-heading-title elementor-size-default\">Patrim\u00f3nio e identidade<\/h2>\t\t\t\t<\/div>\n\t\t\t\t<\/div>\n\t\t\t\t<div class=\"elementor-element elementor-element-befc50c elementor-widget elementor-widget-text-editor\" data-id=\"befc50c\" data-element_type=\"widget\" data-e-type=\"widget\" data-widget_type=\"text-editor.default\">\n\t\t\t\t<div class=\"elementor-widget-container\">\n\t\t\t\t\t\t\t\t\t<p>Dominando a vila a partir do alto encontra-se o castelo de Castelo de Vide, uma fortaleza medieval com vistas panor\u00e2micas sobre o Parque Natural. Aos seus p\u00e9s estende-se <strong>a Judiaria<\/strong>, uma das mais bem preservadas de Portugal, onde se destaca a antiga Sinagoga, hoje espa\u00e7o museol\u00f3gico.<\/p> <p>A vila \u00e9 tamb\u00e9m uma refer\u00eancia pela sua <strong>riqueza termal<\/strong>; a abund\u00e2ncia de \u00e1guas medicinais manifesta-se em fontes hist\u00f3ricas como a <strong>Fonte da Vila<\/strong>, centro de uma tradi\u00e7\u00e3o de balneoterapia que define a sa\u00fade e o frescor da localidade.<\/p>\t\t\t\t\t\t\t\t<\/div>\n\t\t\t\t<\/div>\n\t\t\t\t<div class=\"elementor-element elementor-element-ec9b3fd elementor-widget elementor-widget-heading\" data-id=\"ec9b3fd\" data-element_type=\"widget\" data-e-type=\"widget\" data-widget_type=\"heading.default\">\n\t\t\t\t<div class=\"elementor-widget-container\">\n\t\t\t\t\t<h2 class=\"elementor-heading-title elementor-size-default\">Cultura e tradi\u00e7\u00f5es \u00fanicas\n<\/h2>\t\t\t\t<\/div>\n\t\t\t\t<\/div>\n\t\t\t\t<div class=\"elementor-element elementor-element-365ddcd elementor-widget elementor-widget-text-editor\" data-id=\"365ddcd\" data-element_type=\"widget\" data-e-type=\"widget\" data-widget_type=\"text-editor.default\">\n\t\t\t\t<div class=\"elementor-widget-container\">\n\t\t\t\t\t\t\t\t\t<p>A identidade de Castelo de Vide atinge a sua m\u00e1xima express\u00e3o na <strong>P\u00e1scoa<\/strong>, uma das celebra\u00e7\u00f5es mais singulares de Portugal. Nesta festividade entrela\u00e7am-se ritos crist\u00e3os com profundas ra\u00edzes judaicas, atraindo visitantes que procuram autenticidade e mem\u00f3ria hist\u00f3rica num evento \u00fanico no pa\u00eds.<\/p>\t\t\t\t\t\t\t\t<\/div>\n\t\t\t\t<\/div>\n\t\t\t\t<div class=\"elementor-element elementor-element-e872c46 elementor-widget elementor-widget-heading\" data-id=\"e872c46\" data-element_type=\"widget\" data-e-type=\"widget\" data-widget_type=\"heading.default\">\n\t\t\t\t<div class=\"elementor-widget-container\">\n\t\t\t\t\t<h2 class=\"elementor-heading-title elementor-size-default\">Natureza e enquadramento estrat\u00e9gico\n<\/h2>\t\t\t\t<\/div>\n\t\t\t\t<\/div>\n\t\t\t\t<div class=\"elementor-element elementor-element-79b6737 elementor-widget elementor-widget-text-editor\" data-id=\"79b6737\" data-element_type=\"widget\" data-e-type=\"widget\" data-widget_type=\"text-editor.default\">\n\t\t\t\t<div class=\"elementor-widget-container\">\n\t\t\t\t\t\t\t\t\t<p>Integrada no <strong>Parque Natural da Serra de S\u00e3o Mamede<\/strong>, a vila \u00e9 um destino ideal para o turismo de natureza. A sua localiza\u00e7\u00e3o \u00e9, al\u00e9m disso, estrat\u00e9gica: posiciona-se como o complemento perfeito para visitar a vizinha fortaleza de Marv\u00e3o, formando um eixo monumental imprescind\u00edvel no interior portugu\u00eas.<\/p>\t\t\t\t\t\t\t\t<\/div>\n\t\t\t\t<\/div>\n\t\t\t\t<div class=\"elementor-element elementor-element-01d88e5 elementor-widget elementor-widget-heading\" data-id=\"01d88e5\" data-element_type=\"widget\" data-e-type=\"widget\" data-widget_type=\"heading.default\">\n\t\t\t\t<div class=\"elementor-widget-container\">\n\t\t\t\t\t<h2 class=\"elementor-heading-title elementor-size-default\">Gastronomia<\/h2>\t\t\t\t<\/div>\n\t\t\t\t<\/div>\n\t\t\t\t<div class=\"elementor-element elementor-element-bf0c871 elementor-widget elementor-widget-text-editor\" data-id=\"bf0c871\" data-element_type=\"widget\" data-e-type=\"widget\" data-widget_type=\"text-editor.default\">\n\t\t\t\t<div class=\"elementor-widget-container\">\n\t\t\t\t\t\t\t\t\t<p>A gastronomia reflete a <strong>tradi\u00e7\u00e3o serrana<\/strong>: pratos de carne de porco, enchidos artesanais e azeite de elevada qualidade. A do\u00e7aria tradicional e os vinhos regionais completam uma oferta culin\u00e1ria ligada aos ritmos tranquilos do territ\u00f3rio.<\/p>\t\t\t\t\t\t\t\t<\/div>\n\t\t\t\t<\/div>\n\t\t\t\t\t<\/div>\n\t\t\t\t<\/div>\n\t\t<div class=\"elementor-element elementor-element-03408e3 e-con-full e-flex e-con e-parent\" data-id=\"03408e3\" data-element_type=\"container\" data-e-type=\"container\">\n\t\t\t\t<div class=\"elementor-element elementor-element-27d1068 elementor-widget elementor-widget-gallery\" data-id=\"27d1068\" data-element_type=\"widget\" data-e-type=\"widget\" data-settings=\"{&quot;columns&quot;:3,&quot;gap&quot;:{&quot;unit&quot;:&quot;px&quot;,&quot;size&quot;:9,&quot;sizes&quot;:[]},&quot;lazyload&quot;:&quot;yes&quot;,&quot;gallery_layout&quot;:&quot;grid&quot;,&quot;columns_tablet&quot;:2,&quot;columns_mobile&quot;:1,&quot;gap_laptop&quot;:{&quot;unit&quot;:&quot;px&quot;,&quot;size&quot;:10,&quot;sizes&quot;:[]},&quot;gap_tablet&quot;:{&quot;unit&quot;:&quot;px&quot;,&quot;size&quot;:10,&quot;sizes&quot;:[]},&quot;gap_mobile&quot;:{&quot;unit&quot;:&quot;px&quot;,&quot;size&quot;:10,&quot;sizes&quot;:[]},&quot;link_to&quot;:&quot;file&quot;,&quot;aspect_ratio&quot;:&quot;3:2&quot;,&quot;overlay_background&quot;:&quot;yes&quot;,&quot;content_hover_animation&quot;:&quot;fade-in&quot;}\" data-widget_type=\"gallery.default\">\n\t\t\t\t<div class=\"elementor-widget-container\">\n\t\t\t\t\t\t\t<div class=\"elementor-gallery__container\">\n\t\t\t\t\t\t\t<a class=\"e-gallery-item elementor-gallery-item elementor-animated-content\" href=\"https:\/\/teunesco.com\/wp-content\/uploads\/2025\/12\/castelo-de-vide3-scaled.jpg\" data-elementor-open-lightbox=\"yes\" data-elementor-lightbox-slideshow=\"27d1068\" data-elementor-lightbox-title=\"Castelo de Vide\" data-e-action-hash=\"#elementor-action%3Aaction%3Dlightbox%26settings%3DeyJpZCI6MjQwNSwidXJsIjoiaHR0cHM6XC9cL3RldW5lc2NvLmNvbVwvd3AtY29udGVudFwvdXBsb2Fkc1wvMjAyNVwvMTJcL2Nhc3RlbG8tZGUtdmlkZTMtc2NhbGVkLmpwZyIsInNsaWRlc2hvdyI6IjI3ZDEwNjgifQ%3D%3D\">\n\t\t\t\t\t<div class=\"e-gallery-image elementor-gallery-item__image\" data-thumbnail=\"https:\/\/teunesco.com\/wp-content\/uploads\/2025\/12\/castelo-de-vide3-1024x683.jpg\" data-width=\"800\" data-height=\"534\" aria-label=\"Castelo de Vide\" role=\"img\" ><\/div>\n\t\t\t\t\t\t\t\t\t\t\t<div class=\"elementor-gallery-item__overlay\"><\/div>\n\t\t\t\t\t\t\t\t\t\t\t\t\t\t<\/a>\n\t\t\t\t\t\t\t<a class=\"e-gallery-item elementor-gallery-item elementor-animated-content\" href=\"https:\/\/teunesco.com\/wp-content\/uploads\/2025\/12\/castelo-de-vide-1-scaled.jpg\" data-elementor-open-lightbox=\"yes\" data-elementor-lightbox-slideshow=\"27d1068\" data-elementor-lightbox-title=\"Castelo de Vide\" data-e-action-hash=\"#elementor-action%3Aaction%3Dlightbox%26settings%3DeyJpZCI6MjQwNiwidXJsIjoiaHR0cHM6XC9cL3RldW5lc2NvLmNvbVwvd3AtY29udGVudFwvdXBsb2Fkc1wvMjAyNVwvMTJcL2Nhc3RlbG8tZGUtdmlkZS0xLXNjYWxlZC5qcGciLCJzbGlkZXNob3ciOiIyN2QxMDY4In0%3D\">\n\t\t\t\t\t<div class=\"e-gallery-image elementor-gallery-item__image\" data-thumbnail=\"https:\/\/teunesco.com\/wp-content\/uploads\/2025\/12\/castelo-de-vide-1-1024x683.jpg\" data-width=\"800\" data-height=\"534\" aria-label=\"Castelo de Vide\" role=\"img\" ><\/div>\n\t\t\t\t\t\t\t\t\t\t\t<div class=\"elementor-gallery-item__overlay\"><\/div>\n\t\t\t\t\t\t\t\t\t\t\t\t\t\t<\/a>\n\t\t\t\t\t\t\t<a class=\"e-gallery-item elementor-gallery-item elementor-animated-content\" href=\"https:\/\/teunesco.com\/wp-content\/uploads\/2025\/12\/castelo-de-vide2-scaled.jpg\" data-elementor-open-lightbox=\"yes\" data-elementor-lightbox-slideshow=\"27d1068\" data-elementor-lightbox-title=\"Castelo de Vide\" data-e-action-hash=\"#elementor-action%3Aaction%3Dlightbox%26settings%3DeyJpZCI6MjQwNywidXJsIjoiaHR0cHM6XC9cL3RldW5lc2NvLmNvbVwvd3AtY29udGVudFwvdXBsb2Fkc1wvMjAyNVwvMTJcL2Nhc3RlbG8tZGUtdmlkZTItc2NhbGVkLmpwZyIsInNsaWRlc2hvdyI6IjI3ZDEwNjgifQ%3D%3D\">\n\t\t\t\t\t<div class=\"e-gallery-image elementor-gallery-item__image\" data-thumbnail=\"https:\/\/teunesco.com\/wp-content\/uploads\/2025\/12\/castelo-de-vide2-683x1024.jpg\" data-width=\"683\" data-height=\"1024\" aria-label=\"Castelo de Vide\" role=\"img\" ><\/div>\n\t\t\t\t\t\t\t\t\t\t\t<div class=\"elementor-gallery-item__overlay\"><\/div>\n\t\t\t\t\t\t\t\t\t\t\t\t\t\t<\/a>\n\t\t\t\t\t<\/div>\n\t\t\t\t\t<\/div>\n\t\t\t\t<\/div>\n\t\t\t\t<\/div>\n\t\t<div class=\"elementor-element elementor-element-52f8e97 e-flex e-con-boxed e-con e-parent\" data-id=\"52f8e97\" data-element_type=\"container\" data-e-type=\"container\">\n\t\t\t\t\t<div class=\"e-con-inner\">\n\t\t\t\t<div class=\"elementor-element elementor-element-54e95b3 elementor-widget elementor-widget-heading\" data-id=\"54e95b3\" data-element_type=\"widget\" data-e-type=\"widget\" data-widget_type=\"heading.default\">\n\t\t\t\t<div class=\"elementor-widget-container\">\n\t\t\t\t\t<h2 class=\"elementor-heading-title elementor-size-default\">Not\u00edcias relacionadas<\/h2>\t\t\t\t<\/div>\n\t\t\t\t<\/div>\n\t\t\t\t<div class=\"elementor-element elementor-element-f4116cc elementor-grid-3 elementor-grid-tablet-2 elementor-grid-mobile-1 elementor-widget elementor-widget-loop-grid\" data-id=\"f4116cc\" data-element_type=\"widget\" data-e-type=\"widget\" data-settings=\"{&quot;template_id&quot;:473,&quot;row_gap&quot;:{&quot;unit&quot;:&quot;px&quot;,&quot;size&quot;:40,&quot;sizes&quot;:[]},&quot;_skin&quot;:&quot;post&quot;,&quot;columns&quot;:&quot;3&quot;,&quot;columns_tablet&quot;:&quot;2&quot;,&quot;columns_mobile&quot;:&quot;1&quot;,&quot;edit_handle_selector&quot;:&quot;[data-elementor-type=\\&quot;loop-item\\&quot;]&quot;,&quot;row_gap_laptop&quot;:{&quot;unit&quot;:&quot;px&quot;,&quot;size&quot;:&quot;&quot;,&quot;sizes&quot;:[]},&quot;row_gap_tablet&quot;:{&quot;unit&quot;:&quot;px&quot;,&quot;size&quot;:&quot;&quot;,&quot;sizes&quot;:[]},&quot;row_gap_mobile&quot;:{&quot;unit&quot;:&quot;px&quot;,&quot;size&quot;:&quot;&quot;,&quot;sizes&quot;:[]}}\" data-widget_type=\"loop-grid.post\">\n\t\t\t\t<div class=\"elementor-widget-container\">\n\t\t\t\t\t\t\t<div class=\"elementor-loop-container elementor-grid\" role=\"list\">\n\t\t<style id=\"loop-473\">.elementor-473 .elementor-element.elementor-element-50209c8{--display:flex;--flex-direction:column;--container-widget-width:100%;--container-widget-height:initial;--container-widget-flex-grow:0;--container-widget-align-self:initial;--flex-wrap-mobile:wrap;--gap:10px 10px;--row-gap:10px;--column-gap:10px;--padding-top:0px;--padding-bottom:0px;--padding-left:0px;--padding-right:0px;}.elementor-widget-image .widget-image-caption{color:var( --e-global-color-text );font-family:var( --e-global-typography-text-font-family ), Sans-serif;font-size:var( --e-global-typography-text-font-size );font-weight:var( --e-global-typography-text-font-weight );line-height:var( --e-global-typography-text-line-height );}.elementor-473 .elementor-element.elementor-element-0e51fcd img{width:100%;transition-duration:0.4s;border-radius:50px 50px 50px 50px;}.elementor-473 .elementor-element.elementor-element-0e51fcd:hover img{filter:brightness( 112% ) contrast( 112% ) saturate( 100% ) blur( 0px ) hue-rotate( 0deg );}.elementor-473 .elementor-element.elementor-element-0e51fcd > .elementor-widget-container{margin:0px 0px 10px 0px;}.elementor-widget-theme-post-title .elementor-heading-title{font-family:var( --e-global-typography-primary-font-family ), Sans-serif;font-size:var( --e-global-typography-primary-font-size );font-weight:var( --e-global-typography-primary-font-weight );line-height:var( --e-global-typography-primary-line-height );color:var( --e-global-color-primary );}.elementor-473 .elementor-element.elementor-element-b6e8b5c{text-align:center;}.elementor-473 .elementor-element.elementor-element-b6e8b5c .elementor-heading-title{font-family:\"DM Sans\", Sans-serif;font-size:20px;font-weight:800;line-height:1em;color:var( --e-global-color-text );}.elementor-473 .elementor-element.elementor-element-b6e8b5c .elementor-heading-title a:hover, .elementor-473 .elementor-element.elementor-element-b6e8b5c .elementor-heading-title a:focus{color:var( --e-global-color-39d1b0c );}.elementor-473 .elementor-element.elementor-element-b6e8b5c .elementor-heading-title a{transition-duration:0.4s;}@media(max-width:1366px){.elementor-widget-image .widget-image-caption{font-size:var( --e-global-typography-text-font-size );line-height:var( --e-global-typography-text-line-height );}.elementor-widget-theme-post-title .elementor-heading-title{font-size:var( --e-global-typography-primary-font-size );line-height:var( --e-global-typography-primary-line-height );}.elementor-473 .elementor-element.elementor-element-b6e8b5c .elementor-heading-title{font-size:20px;}}@media(max-width:1024px){.elementor-widget-image .widget-image-caption{font-size:var( --e-global-typography-text-font-size );line-height:var( --e-global-typography-text-line-height );}.elementor-widget-theme-post-title .elementor-heading-title{font-size:var( --e-global-typography-primary-font-size );line-height:var( --e-global-typography-primary-line-height );}.elementor-473 .elementor-element.elementor-element-b6e8b5c .elementor-heading-title{font-size:20px;line-height:1.1em;}}@media(max-width:767px){.elementor-widget-image .widget-image-caption{font-size:var( --e-global-typography-text-font-size );line-height:var( --e-global-typography-text-line-height );}.elementor-widget-theme-post-title .elementor-heading-title{font-size:var( --e-global-typography-primary-font-size );line-height:var( --e-global-typography-primary-line-height );}.elementor-473 .elementor-element.elementor-element-b6e8b5c .elementor-heading-title{font-size:18px;}}<\/style>\t\t<div data-elementor-type=\"loop-item\" data-elementor-id=\"473\" class=\"elementor elementor-473 e-loop-item e-loop-item-2699 post-2699 post type-post status-publish format-standard has-post-thumbnail hentry category-castelo-de-vide\" data-elementor-post-type=\"elementor_library\" data-custom-edit-handle=\"1\">\n\t\t\t<div class=\"elementor-element elementor-element-50209c8 e-flex e-con-boxed e-con e-parent\" data-id=\"50209c8\" data-element_type=\"container\" data-e-type=\"container\">\n\t\t\t\t\t<div class=\"e-con-inner\">\n\t\t\t\t<div class=\"elementor-element elementor-element-0e51fcd elementor-widget elementor-widget-image\" data-id=\"0e51fcd\" data-element_type=\"widget\" data-e-type=\"widget\" data-widget_type=\"image.default\">\n\t\t\t\t<div class=\"elementor-widget-container\">\n\t\t\t\t\t\t\t\t\t\t\t\t\t\t\t\t<a href=\"https:\/\/teunesco.com\/pt-pt\/castelo-de-vide-refuerza-sus-equipamientos-gracias-al-proyecto-teunesco\/\">\n\t\t\t\t\t\t\t<img fetchpriority=\"high\" decoding=\"async\" width=\"800\" height=\"576\" src=\"https:\/\/teunesco.com\/wp-content\/uploads\/2025\/12\/refuerzo-equipo-1024x737.jpg\" class=\"attachment-large size-large wp-image-2700\" alt=\"Castelo de Vide refuerza sus equipamientos gracias al proyecto TEUNESCO\" srcset=\"https:\/\/teunesco.com\/wp-content\/uploads\/2025\/12\/refuerzo-equipo-1024x737.jpg 1024w, https:\/\/teunesco.com\/wp-content\/uploads\/2025\/12\/refuerzo-equipo-300x216.jpg 300w, https:\/\/teunesco.com\/wp-content\/uploads\/2025\/12\/refuerzo-equipo-768x553.jpg 768w, https:\/\/teunesco.com\/wp-content\/uploads\/2025\/12\/refuerzo-equipo.jpg 1500w\" sizes=\"(max-width: 800px) 100vw, 800px\" \/>\t\t\t\t\t\t\t\t<\/a>\n\t\t\t\t\t\t\t\t\t\t\t\t\t\t\t<\/div>\n\t\t\t\t<\/div>\n\t\t\t\t<div class=\"elementor-element elementor-element-b6e8b5c elementor-widget elementor-widget-theme-post-title elementor-page-title elementor-widget-heading\" data-id=\"b6e8b5c\" data-element_type=\"widget\" data-e-type=\"widget\" data-widget_type=\"theme-post-title.default\">\n\t\t\t\t<div class=\"elementor-widget-container\">\n\t\t\t\t\t<h4 class=\"elementor-heading-title elementor-size-default\"><a href=\"https:\/\/teunesco.com\/pt-pt\/castelo-de-vide-refuerza-sus-equipamientos-gracias-al-proyecto-teunesco\/\">Castelo de Vide refuerza sus equipamientos gracias al proyecto TEUNESCO<\/a><\/h4>\t\t\t\t<\/div>\n\t\t\t\t<\/div>\n\t\t\t\t\t<\/div>\n\t\t\t\t<\/div>\n\t\t\t\t<\/div>\n\t\t\t\t<\/div>\n\t\t\n\t\t\t\t\t\t<\/div>\n\t\t\t\t<\/div>\n\t\t\t\t\t<\/div>\n\t\t\t\t<\/div>\n\t\t\t\t<\/div>\n\t\t","protected":false},"excerpt":{"rendered":"<p>Castelo de Vide \u00e9 uma das vilas mais pitorescas do Alto Alentejo, situada nas encostas da Serra de S\u00e3o Mamede, muito perto da fronteira com Espanha. Gra\u00e7as ao seu tra\u00e7ado medieval e \u00e0 sua harmoniosa arquitetura branca, \u00e9 conhecida como a \u201cSintra do Alentejo\u201d. Entre muralhas, fontes e ruas empedradas, a localidade conserva um car\u00e1ter [&hellip;]<\/p>\n","protected":false},"author":1,"featured_media":2316,"parent":2386,"menu_order":0,"comment_status":"closed","ping_status":"closed","template":"","meta":{"footnotes":""},"class_list":["post-2404","page","type-page","status-publish","has-post-thumbnail","hentry"],"yoast_head":"<!-- This site is optimized with the Yoast SEO plugin v27.1.1 - https:\/\/yoast.com\/product\/yoast-seo-wordpress\/ -->\n<title>Castelo de Vide - TEUNESCO<\/title>\n<meta name=\"robots\" content=\"index, follow, max-snippet:-1, max-image-preview:large, max-video-preview:-1\" \/>\n<link rel=\"canonical\" href=\"https:\/\/teunesco.com\/pt-pt\/parceiros\/castelo-de-vide\/\" \/>\n<meta property=\"og:locale\" content=\"pt_PT\" \/>\n<meta property=\"og:type\" content=\"article\" \/>\n<meta property=\"og:title\" content=\"Castelo de Vide - TEUNESCO\" \/>\n<meta property=\"og:description\" content=\"Castelo de Vide \u00e9 uma das vilas mais pitorescas do Alto Alentejo, situada nas encostas da Serra de S\u00e3o Mamede, muito perto da fronteira com Espanha. Gra\u00e7as ao seu tra\u00e7ado medieval e \u00e0 sua harmoniosa arquitetura branca, \u00e9 conhecida como a \u201cSintra do Alentejo\u201d. Entre muralhas, fontes e ruas empedradas, a localidade conserva um car\u00e1ter [&hellip;]\" \/>\n<meta property=\"og:url\" content=\"https:\/\/teunesco.com\/pt-pt\/parceiros\/castelo-de-vide\/\" \/>\n<meta property=\"og:site_name\" content=\"TEUNESCO\" \/>\n<meta property=\"article:modified_time\" content=\"2026-03-24T12:50:06+00:00\" \/>\n<meta property=\"og:image\" content=\"https:\/\/teunesco.com\/wp-content\/uploads\/2025\/12\/slide-castelo-vide.jpg\" \/>\n\t<meta property=\"og:image:width\" content=\"2000\" \/>\n\t<meta property=\"og:image:height\" content=\"1000\" \/>\n\t<meta property=\"og:image:type\" content=\"image\/jpeg\" \/>\n<meta name=\"twitter:card\" content=\"summary_large_image\" \/>\n<meta name=\"twitter:label1\" content=\"Tempo estimado de leitura\" \/>\n\t<meta name=\"twitter:data1\" content=\"2 minutos\" \/>\n<script type=\"application\/ld+json\" class=\"yoast-schema-graph\">{\"@context\":\"https:\/\/schema.org\",\"@graph\":[{\"@type\":\"WebPage\",\"@id\":\"https:\/\/teunesco.com\/pt-pt\/parceiros\/castelo-de-vide\/\",\"url\":\"https:\/\/teunesco.com\/pt-pt\/parceiros\/castelo-de-vide\/\",\"name\":\"Castelo de Vide - TEUNESCO\",\"isPartOf\":{\"@id\":\"https:\/\/teunesco.com\/pt-pt\/#website\"},\"primaryImageOfPage\":{\"@id\":\"https:\/\/teunesco.com\/pt-pt\/parceiros\/castelo-de-vide\/#primaryimage\"},\"image\":{\"@id\":\"https:\/\/teunesco.com\/pt-pt\/parceiros\/castelo-de-vide\/#primaryimage\"},\"thumbnailUrl\":\"https:\/\/teunesco.com\/wp-content\/uploads\/2025\/12\/slide-castelo-vide.jpg\",\"datePublished\":\"2025-12-03T09:52:05+00:00\",\"dateModified\":\"2026-03-24T12:50:06+00:00\",\"breadcrumb\":{\"@id\":\"https:\/\/teunesco.com\/pt-pt\/parceiros\/castelo-de-vide\/#breadcrumb\"},\"inLanguage\":\"pt-PT\",\"potentialAction\":[{\"@type\":\"ReadAction\",\"target\":[\"https:\/\/teunesco.com\/pt-pt\/parceiros\/castelo-de-vide\/\"]}]},{\"@type\":\"ImageObject\",\"inLanguage\":\"pt-PT\",\"@id\":\"https:\/\/teunesco.com\/pt-pt\/parceiros\/castelo-de-vide\/#primaryimage\",\"url\":\"https:\/\/teunesco.com\/wp-content\/uploads\/2025\/12\/slide-castelo-vide.jpg\",\"contentUrl\":\"https:\/\/teunesco.com\/wp-content\/uploads\/2025\/12\/slide-castelo-vide.jpg\",\"width\":2000,\"height\":1000},{\"@type\":\"BreadcrumbList\",\"@id\":\"https:\/\/teunesco.com\/pt-pt\/parceiros\/castelo-de-vide\/#breadcrumb\",\"itemListElement\":[{\"@type\":\"ListItem\",\"position\":1,\"name\":\"In\u00edcio\",\"item\":\"https:\/\/teunesco.com\/pt-pt\/\"},{\"@type\":\"ListItem\",\"position\":2,\"name\":\"Parceiros\",\"item\":\"https:\/\/teunesco.com\/pt-pt\/parceiros\/\"},{\"@type\":\"ListItem\",\"position\":3,\"name\":\"Castelo de Vide\"}]},{\"@type\":\"WebSite\",\"@id\":\"https:\/\/teunesco.com\/pt-pt\/#website\",\"url\":\"https:\/\/teunesco.com\/pt-pt\/\",\"name\":\"TEUNESCO\",\"description\":\"\",\"potentialAction\":[{\"@type\":\"SearchAction\",\"target\":{\"@type\":\"EntryPoint\",\"urlTemplate\":\"https:\/\/teunesco.com\/pt-pt\/?s={search_term_string}\"},\"query-input\":{\"@type\":\"PropertyValueSpecification\",\"valueRequired\":true,\"valueName\":\"search_term_string\"}}],\"inLanguage\":\"pt-PT\"}]}<\/script>\n<!-- \/ Yoast SEO plugin. -->","yoast_head_json":{"title":"Castelo de Vide - TEUNESCO","robots":{"index":"index","follow":"follow","max-snippet":"max-snippet:-1","max-image-preview":"max-image-preview:large","max-video-preview":"max-video-preview:-1"},"canonical":"https:\/\/teunesco.com\/pt-pt\/parceiros\/castelo-de-vide\/","og_locale":"pt_PT","og_type":"article","og_title":"Castelo de Vide - TEUNESCO","og_description":"Castelo de Vide \u00e9 uma das vilas mais pitorescas do Alto Alentejo, situada nas encostas da Serra de S\u00e3o Mamede, muito perto da fronteira com Espanha. Gra\u00e7as ao seu tra\u00e7ado medieval e \u00e0 sua harmoniosa arquitetura branca, \u00e9 conhecida como a \u201cSintra do Alentejo\u201d. Entre muralhas, fontes e ruas empedradas, a localidade conserva um car\u00e1ter [&hellip;]","og_url":"https:\/\/teunesco.com\/pt-pt\/parceiros\/castelo-de-vide\/","og_site_name":"TEUNESCO","article_modified_time":"2026-03-24T12:50:06+00:00","og_image":[{"width":2000,"height":1000,"url":"https:\/\/teunesco.com\/wp-content\/uploads\/2025\/12\/slide-castelo-vide.jpg","type":"image\/jpeg"}],"twitter_card":"summary_large_image","twitter_misc":{"Tempo estimado de leitura":"2 minutos"},"schema":{"@context":"https:\/\/schema.org","@graph":[{"@type":"WebPage","@id":"https:\/\/teunesco.com\/pt-pt\/parceiros\/castelo-de-vide\/","url":"https:\/\/teunesco.com\/pt-pt\/parceiros\/castelo-de-vide\/","name":"Castelo de Vide - TEUNESCO","isPartOf":{"@id":"https:\/\/teunesco.com\/pt-pt\/#website"},"primaryImageOfPage":{"@id":"https:\/\/teunesco.com\/pt-pt\/parceiros\/castelo-de-vide\/#primaryimage"},"image":{"@id":"https:\/\/teunesco.com\/pt-pt\/parceiros\/castelo-de-vide\/#primaryimage"},"thumbnailUrl":"https:\/\/teunesco.com\/wp-content\/uploads\/2025\/12\/slide-castelo-vide.jpg","datePublished":"2025-12-03T09:52:05+00:00","dateModified":"2026-03-24T12:50:06+00:00","breadcrumb":{"@id":"https:\/\/teunesco.com\/pt-pt\/parceiros\/castelo-de-vide\/#breadcrumb"},"inLanguage":"pt-PT","potentialAction":[{"@type":"ReadAction","target":["https:\/\/teunesco.com\/pt-pt\/parceiros\/castelo-de-vide\/"]}]},{"@type":"ImageObject","inLanguage":"pt-PT","@id":"https:\/\/teunesco.com\/pt-pt\/parceiros\/castelo-de-vide\/#primaryimage","url":"https:\/\/teunesco.com\/wp-content\/uploads\/2025\/12\/slide-castelo-vide.jpg","contentUrl":"https:\/\/teunesco.com\/wp-content\/uploads\/2025\/12\/slide-castelo-vide.jpg","width":2000,"height":1000},{"@type":"BreadcrumbList","@id":"https:\/\/teunesco.com\/pt-pt\/parceiros\/castelo-de-vide\/#breadcrumb","itemListElement":[{"@type":"ListItem","position":1,"name":"In\u00edcio","item":"https:\/\/teunesco.com\/pt-pt\/"},{"@type":"ListItem","position":2,"name":"Parceiros","item":"https:\/\/teunesco.com\/pt-pt\/parceiros\/"},{"@type":"ListItem","position":3,"name":"Castelo de Vide"}]},{"@type":"WebSite","@id":"https:\/\/teunesco.com\/pt-pt\/#website","url":"https:\/\/teunesco.com\/pt-pt\/","name":"TEUNESCO","description":"","potentialAction":[{"@type":"SearchAction","target":{"@type":"EntryPoint","urlTemplate":"https:\/\/teunesco.com\/pt-pt\/?s={search_term_string}"},"query-input":{"@type":"PropertyValueSpecification","valueRequired":true,"valueName":"search_term_string"}}],"inLanguage":"pt-PT"}]}},"_links":{"self":[{"href":"https:\/\/teunesco.com\/pt-pt\/wp-json\/wp\/v2\/pages\/2404","targetHints":{"allow":["GET"]}}],"collection":[{"href":"https:\/\/teunesco.com\/pt-pt\/wp-json\/wp\/v2\/pages"}],"about":[{"href":"https:\/\/teunesco.com\/pt-pt\/wp-json\/wp\/v2\/types\/page"}],"author":[{"embeddable":true,"href":"https:\/\/teunesco.com\/pt-pt\/wp-json\/wp\/v2\/users\/1"}],"replies":[{"embeddable":true,"href":"https:\/\/teunesco.com\/pt-pt\/wp-json\/wp\/v2\/comments?post=2404"}],"version-history":[{"count":4,"href":"https:\/\/teunesco.com\/pt-pt\/wp-json\/wp\/v2\/pages\/2404\/revisions"}],"predecessor-version":[{"id":2411,"href":"https:\/\/teunesco.com\/pt-pt\/wp-json\/wp\/v2\/pages\/2404\/revisions\/2411"}],"up":[{"embeddable":true,"href":"https:\/\/teunesco.com\/pt-pt\/wp-json\/wp\/v2\/pages\/2386"}],"wp:featuredmedia":[{"embeddable":true,"href":"https:\/\/teunesco.com\/pt-pt\/wp-json\/wp\/v2\/media\/2316"}],"wp:attachment":[{"href":"https:\/\/teunesco.com\/pt-pt\/wp-json\/wp\/v2\/media?parent=2404"}],"curies":[{"name":"wp","href":"https:\/\/api.w.org\/{rel}","templated":true}]}}