{"id":2388,"date":"2025-12-05T15:38:58","date_gmt":"2025-12-05T14:38:58","guid":{"rendered":"https:\/\/teunesco.com\/territorios-unesco\/"},"modified":"2026-03-24T12:38:09","modified_gmt":"2026-03-24T11:38:09","slug":"territorios-unesco","status":"publish","type":"page","link":"https:\/\/teunesco.com\/pt-pt\/territorios-unesco\/","title":{"rendered":"Territ\u00f3rios UNESCO"},"content":{"rendered":"\t\t<div data-elementor-type=\"wp-page\" data-elementor-id=\"2388\" class=\"elementor elementor-2388 elementor-734\" data-elementor-post-type=\"page\">\n\t\t\t\t<div class=\"elementor-element elementor-element-12064485 e-flex e-con-boxed e-con e-parent\" data-id=\"12064485\" data-element_type=\"container\" data-e-type=\"container\">\n\t\t\t\t\t<div class=\"e-con-inner\">\n\t\t\t\t<div class=\"elementor-element elementor-element-785ba94c elementor-widget elementor-widget-heading\" data-id=\"785ba94c\" data-element_type=\"widget\" data-e-type=\"widget\" data-widget_type=\"heading.default\">\n\t\t\t\t<div class=\"elementor-widget-container\">\n\t\t\t\t\t<h2 class=\"elementor-heading-title elementor-size-default\">Territ\u00f3rios UNESCO da prov\u00edncia de C\u00e1ceres<\/h2>\t\t\t\t<\/div>\n\t\t\t\t<\/div>\n\t\t\t\t<div class=\"elementor-element elementor-element-1e48631 elementor-widget elementor-widget-text-editor\" data-id=\"1e48631\" data-element_type=\"widget\" data-e-type=\"widget\" data-widget_type=\"text-editor.default\">\n\t\t\t\t<div class=\"elementor-widget-container\">\n\t\t\t\t\t\t\t\t\tTr\u00eas territ\u00f3rios que protegem o seu valor natural e cultural enquanto apostam num desenvolvimento sustent\u00e1vel e partilhado.\t\t\t\t\t\t\t\t<\/div>\n\t\t\t\t<\/div>\n\t\t\t\t\t<\/div>\n\t\t\t\t<\/div>\n\t\t<div class=\"elementor-element elementor-element-28746eaf e-con-full e-flex e-con e-parent\" data-id=\"28746eaf\" data-element_type=\"container\" data-e-type=\"container\" id=\"territorio\">\n\t\t<div class=\"elementor-element elementor-element-32b99278 e-grid e-con-full e-con e-child\" data-id=\"32b99278\" data-element_type=\"container\" data-e-type=\"container\">\n\t\t<a class=\"elementor-element elementor-element-a79458 e-con-full e-transform e-flex e-con e-child\" data-id=\"a79458\" data-element_type=\"container\" data-e-type=\"container\" data-settings=\"{&quot;background_background&quot;:&quot;classic&quot;,&quot;_transform_translateX_effect_hover&quot;:{&quot;unit&quot;:&quot;px&quot;,&quot;size&quot;:0,&quot;sizes&quot;:[]},&quot;_transform_translateY_effect_hover&quot;:{&quot;unit&quot;:&quot;px&quot;,&quot;size&quot;:-10,&quot;sizes&quot;:[]},&quot;_transform_translateX_effect_hover_laptop&quot;:{&quot;unit&quot;:&quot;px&quot;,&quot;size&quot;:&quot;&quot;,&quot;sizes&quot;:[]},&quot;_transform_translateX_effect_hover_tablet&quot;:{&quot;unit&quot;:&quot;px&quot;,&quot;size&quot;:&quot;&quot;,&quot;sizes&quot;:[]},&quot;_transform_translateX_effect_hover_mobile&quot;:{&quot;unit&quot;:&quot;px&quot;,&quot;size&quot;:&quot;&quot;,&quot;sizes&quot;:[]},&quot;_transform_translateY_effect_hover_laptop&quot;:{&quot;unit&quot;:&quot;px&quot;,&quot;size&quot;:&quot;&quot;,&quot;sizes&quot;:[]},&quot;_transform_translateY_effect_hover_tablet&quot;:{&quot;unit&quot;:&quot;px&quot;,&quot;size&quot;:&quot;&quot;,&quot;sizes&quot;:[]},&quot;_transform_translateY_effect_hover_mobile&quot;:{&quot;unit&quot;:&quot;px&quot;,&quot;size&quot;:&quot;&quot;,&quot;sizes&quot;:[]}}\" href=\"https:\/\/teunesco.com\/territorios-unesco\/reserva-de-la-biosfera-de-monfrague\/\">\n\t\t<div class=\"elementor-element elementor-element-46c25aff e-con-full e-flex e-con e-child\" data-id=\"46c25aff\" data-element_type=\"container\" data-e-type=\"container\" data-settings=\"{&quot;background_background&quot;:&quot;classic&quot;}\">\n\t\t\t\t<div class=\"elementor-element elementor-element-547e09b2 elementor-widget elementor-widget-heading\" data-id=\"547e09b2\" data-element_type=\"widget\" data-e-type=\"widget\" data-widget_type=\"heading.default\">\n\t\t\t\t<div class=\"elementor-widget-container\">\n\t\t\t\t\t<h3 class=\"elementor-heading-title elementor-size-default\">Reserva da Biosfera de Monfrag\u00fce<\/h3>\t\t\t\t<\/div>\n\t\t\t\t<\/div>\n\t\t\t\t<div class=\"elementor-element elementor-element-60b5ec31 elementor-widget elementor-widget-text-editor\" data-id=\"60b5ec31\" data-element_type=\"widget\" data-e-type=\"widget\" data-widget_type=\"text-editor.default\">\n\t\t\t\t<div class=\"elementor-widget-container\">\n\t\t\t\t\t\t\t\t\tSituada no cora\u00e7\u00e3o da prov\u00edncia de C\u00e1ceres, a Reserva da Biosfera de Monfrag\u00fce \u00e9 um dos espa\u00e7os naturais mais emblem\u00e1ticos de Espanha.\t\t\t\t\t\t\t\t<\/div>\n\t\t\t\t<\/div>\n\t\t\t\t<div class=\"elementor-element elementor-element-2367e83c elementor-icon-list--layout-traditional elementor-list-item-link-full_width elementor-widget elementor-widget-icon-list\" data-id=\"2367e83c\" data-element_type=\"widget\" data-e-type=\"widget\" data-widget_type=\"icon-list.default\">\n\t\t\t\t<div class=\"elementor-widget-container\">\n\t\t\t\t\t\t\t<ul class=\"elementor-icon-list-items\">\n\t\t\t\t\t\t\t<li class=\"elementor-icon-list-item\">\n\t\t\t\t\t\t\t\t\t\t\t<span class=\"elementor-icon-list-icon\">\n\t\t\t\t\t\t\t<svg aria-hidden=\"true\" class=\"e-font-icon-svg e-fas-check-circle\" viewBox=\"0 0 512 512\" xmlns=\"http:\/\/www.w3.org\/2000\/svg\"><path d=\"M504 256c0 136.967-111.033 248-248 248S8 392.967 8 256 119.033 8 256 8s248 111.033 248 248zM227.314 387.314l184-184c6.248-6.248 6.248-16.379 0-22.627l-22.627-22.627c-6.248-6.249-16.379-6.249-22.628 0L216 308.118l-70.059-70.059c-6.248-6.248-16.379-6.248-22.628 0l-22.627 22.627c-6.248 6.248-6.248 16.379 0 22.627l104 104c6.249 6.249 16.379 6.249 22.628.001z\"><\/path><\/svg>\t\t\t\t\t\t<\/span>\n\t\t\t\t\t\t\t\t\t\t<span class=\"elementor-icon-list-text\"><span class=\"verde\">15<\/span> Localidades<\/span>\n\t\t\t\t\t\t\t\t\t<\/li>\n\t\t\t\t\t\t<\/ul>\n\t\t\t\t\t\t<\/div>\n\t\t\t\t<\/div>\n\t\t\t\t<\/div>\n\t\t\t\t<\/a>\n\t\t<a class=\"elementor-element elementor-element-2a03aa15 e-con-full e-transform e-flex e-con e-child\" data-id=\"2a03aa15\" data-element_type=\"container\" data-e-type=\"container\" data-settings=\"{&quot;background_background&quot;:&quot;classic&quot;,&quot;_transform_translateX_effect_hover&quot;:{&quot;unit&quot;:&quot;px&quot;,&quot;size&quot;:0,&quot;sizes&quot;:[]},&quot;_transform_translateY_effect_hover&quot;:{&quot;unit&quot;:&quot;px&quot;,&quot;size&quot;:-10,&quot;sizes&quot;:[]},&quot;_transform_translateX_effect_hover_laptop&quot;:{&quot;unit&quot;:&quot;px&quot;,&quot;size&quot;:&quot;&quot;,&quot;sizes&quot;:[]},&quot;_transform_translateX_effect_hover_tablet&quot;:{&quot;unit&quot;:&quot;px&quot;,&quot;size&quot;:&quot;&quot;,&quot;sizes&quot;:[]},&quot;_transform_translateX_effect_hover_mobile&quot;:{&quot;unit&quot;:&quot;px&quot;,&quot;size&quot;:&quot;&quot;,&quot;sizes&quot;:[]},&quot;_transform_translateY_effect_hover_laptop&quot;:{&quot;unit&quot;:&quot;px&quot;,&quot;size&quot;:&quot;&quot;,&quot;sizes&quot;:[]},&quot;_transform_translateY_effect_hover_tablet&quot;:{&quot;unit&quot;:&quot;px&quot;,&quot;size&quot;:&quot;&quot;,&quot;sizes&quot;:[]},&quot;_transform_translateY_effect_hover_mobile&quot;:{&quot;unit&quot;:&quot;px&quot;,&quot;size&quot;:&quot;&quot;,&quot;sizes&quot;:[]}}\" href=\"https:\/\/teunesco.com\/territorios-unesco\/reserva-de-la-biosfera-transfronteriza-tajo-tejo-internacional\/\">\n\t\t<div class=\"elementor-element elementor-element-3165de19 e-con-full e-flex e-con e-child\" data-id=\"3165de19\" data-element_type=\"container\" data-e-type=\"container\" data-settings=\"{&quot;background_background&quot;:&quot;classic&quot;}\">\n\t\t\t\t<div class=\"elementor-element elementor-element-52080b45 elementor-widget elementor-widget-heading\" data-id=\"52080b45\" data-element_type=\"widget\" data-e-type=\"widget\" data-widget_type=\"heading.default\">\n\t\t\t\t<div class=\"elementor-widget-container\">\n\t\t\t\t\t<h3 class=\"elementor-heading-title elementor-size-default\">Reserva da Biosfera Transfronteiri\u00e7a Tejo-Tajo Internacional<\/h3>\t\t\t\t<\/div>\n\t\t\t\t<\/div>\n\t\t\t\t<div class=\"elementor-element elementor-element-13057402 elementor-widget elementor-widget-text-editor\" data-id=\"13057402\" data-element_type=\"widget\" data-e-type=\"widget\" data-widget_type=\"text-editor.default\">\n\t\t\t\t<div class=\"elementor-widget-container\">\n\t\t\t\t\t\t\t\t\tUm espa\u00e7o transfronteiri\u00e7o \u00fanico, partilhado entre Espanha e Portugal, que se destaca pela sua paisagem fluvial, pelas suas aldeias e pela sua riqueza em patrim\u00f3nio natural.\t\t\t\t\t\t\t\t<\/div>\n\t\t\t\t<\/div>\n\t\t\t\t<div class=\"elementor-element elementor-element-421e6944 elementor-icon-list--layout-inline elementor-list-item-link-full_width elementor-widget elementor-widget-icon-list\" data-id=\"421e6944\" data-element_type=\"widget\" data-e-type=\"widget\" data-widget_type=\"icon-list.default\">\n\t\t\t\t<div class=\"elementor-widget-container\">\n\t\t\t\t\t\t\t<ul class=\"elementor-icon-list-items elementor-inline-items\">\n\t\t\t\t\t\t\t<li class=\"elementor-icon-list-item elementor-inline-item\">\n\t\t\t\t\t\t\t\t\t\t\t<span class=\"elementor-icon-list-icon\">\n\t\t\t\t\t\t\t<svg aria-hidden=\"true\" class=\"e-font-icon-svg e-fas-check-circle\" viewBox=\"0 0 512 512\" xmlns=\"http:\/\/www.w3.org\/2000\/svg\"><path d=\"M504 256c0 136.967-111.033 248-248 248S8 392.967 8 256 119.033 8 256 8s248 111.033 248 248zM227.314 387.314l184-184c6.248-6.248 6.248-16.379 0-22.627l-22.627-22.627c-6.248-6.249-16.379-6.249-22.628 0L216 308.118l-70.059-70.059c-6.248-6.248-16.379-6.248-22.628 0l-22.627 22.627c-6.248 6.248-6.248 16.379 0 22.627l104 104c6.249 6.249 16.379 6.249 22.628.001z\"><\/path><\/svg>\t\t\t\t\t\t<\/span>\n\t\t\t\t\t\t\t\t\t\t<span class=\"elementor-icon-list-text\"><span class=\"verde\">14<\/span> Localidades<\/span>\n\t\t\t\t\t\t\t\t\t<\/li>\n\t\t\t\t\t\t\t\t<li class=\"elementor-icon-list-item elementor-inline-item\">\n\t\t\t\t\t\t\t\t\t\t\t<span class=\"elementor-icon-list-icon\">\n\t\t\t\t\t\t\t<svg aria-hidden=\"true\" class=\"e-font-icon-svg e-fas-check-circle\" viewBox=\"0 0 512 512\" xmlns=\"http:\/\/www.w3.org\/2000\/svg\"><path d=\"M504 256c0 136.967-111.033 248-248 248S8 392.967 8 256 119.033 8 256 8s248 111.033 248 248zM227.314 387.314l184-184c6.248-6.248 6.248-16.379 0-22.627l-22.627-22.627c-6.248-6.249-16.379-6.249-22.628 0L216 308.118l-70.059-70.059c-6.248-6.248-16.379-6.248-22.628 0l-22.627 22.627c-6.248 6.248-6.248 16.379 0 22.627l104 104c6.249 6.249 16.379 6.249 22.628.001z\"><\/path><\/svg>\t\t\t\t\t\t<\/span>\n\t\t\t\t\t\t\t\t\t\t<span class=\"elementor-icon-list-text\">Rela\u00e7\u00e3o transfronteiri\u00e7a<\/span>\n\t\t\t\t\t\t\t\t\t<\/li>\n\t\t\t\t\t\t<\/ul>\n\t\t\t\t\t\t<\/div>\n\t\t\t\t<\/div>\n\t\t\t\t<\/div>\n\t\t\t\t<\/a>\n\t\t<a class=\"elementor-element elementor-element-626b0baf e-con-full e-transform e-flex e-con e-child\" data-id=\"626b0baf\" data-element_type=\"container\" data-e-type=\"container\" data-settings=\"{&quot;background_background&quot;:&quot;classic&quot;,&quot;_transform_translateX_effect_hover&quot;:{&quot;unit&quot;:&quot;px&quot;,&quot;size&quot;:0,&quot;sizes&quot;:[]},&quot;_transform_translateY_effect_hover&quot;:{&quot;unit&quot;:&quot;px&quot;,&quot;size&quot;:-10,&quot;sizes&quot;:[]},&quot;_transform_translateX_effect_hover_laptop&quot;:{&quot;unit&quot;:&quot;px&quot;,&quot;size&quot;:&quot;&quot;,&quot;sizes&quot;:[]},&quot;_transform_translateX_effect_hover_tablet&quot;:{&quot;unit&quot;:&quot;px&quot;,&quot;size&quot;:&quot;&quot;,&quot;sizes&quot;:[]},&quot;_transform_translateX_effect_hover_mobile&quot;:{&quot;unit&quot;:&quot;px&quot;,&quot;size&quot;:&quot;&quot;,&quot;sizes&quot;:[]},&quot;_transform_translateY_effect_hover_laptop&quot;:{&quot;unit&quot;:&quot;px&quot;,&quot;size&quot;:&quot;&quot;,&quot;sizes&quot;:[]},&quot;_transform_translateY_effect_hover_tablet&quot;:{&quot;unit&quot;:&quot;px&quot;,&quot;size&quot;:&quot;&quot;,&quot;sizes&quot;:[]},&quot;_transform_translateY_effect_hover_mobile&quot;:{&quot;unit&quot;:&quot;px&quot;,&quot;size&quot;:&quot;&quot;,&quot;sizes&quot;:[]}}\" href=\"https:\/\/teunesco.com\/territorios-unesco\/geoparque-mundial-villuercas-ibores-jara\/\">\n\t\t<div class=\"elementor-element elementor-element-57e395ec e-con-full e-flex e-con e-child\" data-id=\"57e395ec\" data-element_type=\"container\" data-e-type=\"container\" data-settings=\"{&quot;background_background&quot;:&quot;classic&quot;}\">\n\t\t\t\t<div class=\"elementor-element elementor-element-47f90a0e elementor-widget elementor-widget-heading\" data-id=\"47f90a0e\" data-element_type=\"widget\" data-e-type=\"widget\" data-widget_type=\"heading.default\">\n\t\t\t\t<div class=\"elementor-widget-container\">\n\t\t\t\t\t<h3 class=\"elementor-heading-title elementor-size-default\">Geoparque Mundial Villuercas-Ibores-Jara<\/h3>\t\t\t\t<\/div>\n\t\t\t\t<\/div>\n\t\t\t\t<div class=\"elementor-element elementor-element-29cfe304 elementor-widget elementor-widget-text-editor\" data-id=\"29cfe304\" data-element_type=\"widget\" data-e-type=\"widget\" data-widget_type=\"text-editor.default\">\n\t\t\t\t<div class=\"elementor-widget-container\">\n\t\t\t\t\t\t\t\t\tUm territ\u00f3rio geol\u00f3gico excecional reconhecido pela UNESCO. As suas serras, vales e paisagens c\u00e1rsticas albergam um patrim\u00f3nio natural e cultural \u00fanico. \t\t\t\t\t\t\t\t<\/div>\n\t\t\t\t<\/div>\n\t\t\t\t<div class=\"elementor-element elementor-element-3e57a135 elementor-icon-list--layout-inline elementor-list-item-link-full_width elementor-widget elementor-widget-icon-list\" data-id=\"3e57a135\" data-element_type=\"widget\" data-e-type=\"widget\" data-widget_type=\"icon-list.default\">\n\t\t\t\t<div class=\"elementor-widget-container\">\n\t\t\t\t\t\t\t<ul class=\"elementor-icon-list-items elementor-inline-items\">\n\t\t\t\t\t\t\t<li class=\"elementor-icon-list-item elementor-inline-item\">\n\t\t\t\t\t\t\t\t\t\t\t<span class=\"elementor-icon-list-icon\">\n\t\t\t\t\t\t\t<svg aria-hidden=\"true\" class=\"e-font-icon-svg e-fas-check-circle\" viewBox=\"0 0 512 512\" xmlns=\"http:\/\/www.w3.org\/2000\/svg\"><path d=\"M504 256c0 136.967-111.033 248-248 248S8 392.967 8 256 119.033 8 256 8s248 111.033 248 248zM227.314 387.314l184-184c6.248-6.248 6.248-16.379 0-22.627l-22.627-22.627c-6.248-6.249-16.379-6.249-22.628 0L216 308.118l-70.059-70.059c-6.248-6.248-16.379-6.248-22.628 0l-22.627 22.627c-6.248 6.248-6.248 16.379 0 22.627l104 104c6.249 6.249 16.379 6.249 22.628.001z\"><\/path><\/svg>\t\t\t\t\t\t<\/span>\n\t\t\t\t\t\t\t\t\t\t<span class=\"elementor-icon-list-text\"><span class=\"verde\">19<\/span> Localidades<\/span>\n\t\t\t\t\t\t\t\t\t<\/li>\n\t\t\t\t\t\t\t\t<li class=\"elementor-icon-list-item elementor-inline-item\">\n\t\t\t\t\t\t\t\t\t\t\t<span class=\"elementor-icon-list-icon\">\n\t\t\t\t\t\t\t<svg aria-hidden=\"true\" class=\"e-font-icon-svg e-fas-check-circle\" viewBox=\"0 0 512 512\" xmlns=\"http:\/\/www.w3.org\/2000\/svg\"><path d=\"M504 256c0 136.967-111.033 248-248 248S8 392.967 8 256 119.033 8 256 8s248 111.033 248 248zM227.314 387.314l184-184c6.248-6.248 6.248-16.379 0-22.627l-22.627-22.627c-6.248-6.249-16.379-6.249-22.628 0L216 308.118l-70.059-70.059c-6.248-6.248-16.379-6.248-22.628 0l-22.627 22.627c-6.248 6.248-6.248 16.379 0 22.627l104 104c6.249 6.249 16.379 6.249 22.628.001z\"><\/path><\/svg>\t\t\t\t\t\t<\/span>\n\t\t\t\t\t\t\t\t\t\t<span class=\"elementor-icon-list-text\">8 freguesias<\/span>\n\t\t\t\t\t\t\t\t\t<\/li>\n\t\t\t\t\t\t<\/ul>\n\t\t\t\t\t\t<\/div>\n\t\t\t\t<\/div>\n\t\t\t\t<\/div>\n\t\t\t\t<\/a>\n\t\t\t\t<\/div>\n\t\t\t\t<\/div>\n\t\t\t\t<\/div>\n\t\t","protected":false},"excerpt":{"rendered":"<p>Territ\u00f3rios UNESCO da prov\u00edncia de C\u00e1ceres Tr\u00eas territ\u00f3rios que protegem o seu valor natural e cultural enquanto apostam num desenvolvimento sustent\u00e1vel e partilhado. Reserva da Biosfera de Monfrag\u00fce Situada no cora\u00e7\u00e3o da prov\u00edncia de C\u00e1ceres, a Reserva da Biosfera de Monfrag\u00fce \u00e9 um dos espa\u00e7os naturais mais emblem\u00e1ticos de Espanha. 15 Localidades Reserva da Biosfera [&hellip;]<\/p>\n","protected":false},"author":1,"featured_media":2318,"parent":0,"menu_order":0,"comment_status":"closed","ping_status":"closed","template":"","meta":{"footnotes":""},"class_list":["post-2388","page","type-page","status-publish","has-post-thumbnail","hentry"],"yoast_head":"<!-- This site is optimized with the Yoast SEO plugin v27.1.1 - https:\/\/yoast.com\/product\/yoast-seo-wordpress\/ -->\n<title>Territ\u00f3rios UNESCO - TEUNESCO<\/title>\n<meta name=\"robots\" content=\"index, follow, max-snippet:-1, max-image-preview:large, max-video-preview:-1\" \/>\n<link rel=\"canonical\" href=\"https:\/\/teunesco.com\/pt-pt\/territorios-unesco\/\" \/>\n<meta property=\"og:locale\" content=\"pt_PT\" \/>\n<meta property=\"og:type\" content=\"article\" \/>\n<meta property=\"og:title\" content=\"Territ\u00f3rios UNESCO - TEUNESCO\" \/>\n<meta property=\"og:description\" content=\"Territ\u00f3rios UNESCO da prov\u00edncia de C\u00e1ceres Tr\u00eas territ\u00f3rios que protegem o seu valor natural e cultural enquanto apostam num desenvolvimento sustent\u00e1vel e partilhado. Reserva da Biosfera de Monfrag\u00fce Situada no cora\u00e7\u00e3o da prov\u00edncia de C\u00e1ceres, a Reserva da Biosfera de Monfrag\u00fce \u00e9 um dos espa\u00e7os naturais mais emblem\u00e1ticos de Espanha. 15 Localidades Reserva da Biosfera [&hellip;]\" \/>\n<meta property=\"og:url\" content=\"https:\/\/teunesco.com\/pt-pt\/territorios-unesco\/\" \/>\n<meta property=\"og:site_name\" content=\"TEUNESCO\" \/>\n<meta property=\"article:modified_time\" content=\"2026-03-24T11:38:09+00:00\" \/>\n<meta property=\"og:image\" content=\"https:\/\/teunesco.com\/wp-content\/uploads\/2025\/12\/slide-geoparque.jpg\" \/>\n\t<meta property=\"og:image:width\" content=\"2000\" \/>\n\t<meta property=\"og:image:height\" content=\"1000\" \/>\n\t<meta property=\"og:image:type\" content=\"image\/jpeg\" \/>\n<meta name=\"twitter:card\" content=\"summary_large_image\" \/>\n<meta name=\"twitter:label1\" content=\"Tempo estimado de leitura\" \/>\n\t<meta name=\"twitter:data1\" content=\"1 minuto\" \/>\n<script type=\"application\/ld+json\" class=\"yoast-schema-graph\">{\"@context\":\"https:\/\/schema.org\",\"@graph\":[{\"@type\":\"WebPage\",\"@id\":\"https:\/\/teunesco.com\/pt-pt\/territorios-unesco\/\",\"url\":\"https:\/\/teunesco.com\/pt-pt\/territorios-unesco\/\",\"name\":\"Territ\u00f3rios UNESCO - TEUNESCO\",\"isPartOf\":{\"@id\":\"https:\/\/teunesco.com\/pt-pt\/#website\"},\"primaryImageOfPage\":{\"@id\":\"https:\/\/teunesco.com\/pt-pt\/territorios-unesco\/#primaryimage\"},\"image\":{\"@id\":\"https:\/\/teunesco.com\/pt-pt\/territorios-unesco\/#primaryimage\"},\"thumbnailUrl\":\"https:\/\/teunesco.com\/wp-content\/uploads\/2025\/12\/slide-geoparque.jpg\",\"datePublished\":\"2025-12-05T14:38:58+00:00\",\"dateModified\":\"2026-03-24T11:38:09+00:00\",\"breadcrumb\":{\"@id\":\"https:\/\/teunesco.com\/pt-pt\/territorios-unesco\/#breadcrumb\"},\"inLanguage\":\"pt-PT\",\"potentialAction\":[{\"@type\":\"ReadAction\",\"target\":[\"https:\/\/teunesco.com\/pt-pt\/territorios-unesco\/\"]}]},{\"@type\":\"ImageObject\",\"inLanguage\":\"pt-PT\",\"@id\":\"https:\/\/teunesco.com\/pt-pt\/territorios-unesco\/#primaryimage\",\"url\":\"https:\/\/teunesco.com\/wp-content\/uploads\/2025\/12\/slide-geoparque.jpg\",\"contentUrl\":\"https:\/\/teunesco.com\/wp-content\/uploads\/2025\/12\/slide-geoparque.jpg\",\"width\":2000,\"height\":1000},{\"@type\":\"BreadcrumbList\",\"@id\":\"https:\/\/teunesco.com\/pt-pt\/territorios-unesco\/#breadcrumb\",\"itemListElement\":[{\"@type\":\"ListItem\",\"position\":1,\"name\":\"In\u00edcio\",\"item\":\"https:\/\/teunesco.com\/pt-pt\/\"},{\"@type\":\"ListItem\",\"position\":2,\"name\":\"Territ\u00f3rios UNESCO\"}]},{\"@type\":\"WebSite\",\"@id\":\"https:\/\/teunesco.com\/pt-pt\/#website\",\"url\":\"https:\/\/teunesco.com\/pt-pt\/\",\"name\":\"TEUNESCO\",\"description\":\"\",\"potentialAction\":[{\"@type\":\"SearchAction\",\"target\":{\"@type\":\"EntryPoint\",\"urlTemplate\":\"https:\/\/teunesco.com\/pt-pt\/?s={search_term_string}\"},\"query-input\":{\"@type\":\"PropertyValueSpecification\",\"valueRequired\":true,\"valueName\":\"search_term_string\"}}],\"inLanguage\":\"pt-PT\"}]}<\/script>\n<!-- \/ Yoast SEO plugin. -->","yoast_head_json":{"title":"Territ\u00f3rios UNESCO - TEUNESCO","robots":{"index":"index","follow":"follow","max-snippet":"max-snippet:-1","max-image-preview":"max-image-preview:large","max-video-preview":"max-video-preview:-1"},"canonical":"https:\/\/teunesco.com\/pt-pt\/territorios-unesco\/","og_locale":"pt_PT","og_type":"article","og_title":"Territ\u00f3rios UNESCO - TEUNESCO","og_description":"Territ\u00f3rios UNESCO da prov\u00edncia de C\u00e1ceres Tr\u00eas territ\u00f3rios que protegem o seu valor natural e cultural enquanto apostam num desenvolvimento sustent\u00e1vel e partilhado. Reserva da Biosfera de Monfrag\u00fce Situada no cora\u00e7\u00e3o da prov\u00edncia de C\u00e1ceres, a Reserva da Biosfera de Monfrag\u00fce \u00e9 um dos espa\u00e7os naturais mais emblem\u00e1ticos de Espanha. 15 Localidades Reserva da Biosfera [&hellip;]","og_url":"https:\/\/teunesco.com\/pt-pt\/territorios-unesco\/","og_site_name":"TEUNESCO","article_modified_time":"2026-03-24T11:38:09+00:00","og_image":[{"width":2000,"height":1000,"url":"https:\/\/teunesco.com\/wp-content\/uploads\/2025\/12\/slide-geoparque.jpg","type":"image\/jpeg"}],"twitter_card":"summary_large_image","twitter_misc":{"Tempo estimado de leitura":"1 minuto"},"schema":{"@context":"https:\/\/schema.org","@graph":[{"@type":"WebPage","@id":"https:\/\/teunesco.com\/pt-pt\/territorios-unesco\/","url":"https:\/\/teunesco.com\/pt-pt\/territorios-unesco\/","name":"Territ\u00f3rios UNESCO - TEUNESCO","isPartOf":{"@id":"https:\/\/teunesco.com\/pt-pt\/#website"},"primaryImageOfPage":{"@id":"https:\/\/teunesco.com\/pt-pt\/territorios-unesco\/#primaryimage"},"image":{"@id":"https:\/\/teunesco.com\/pt-pt\/territorios-unesco\/#primaryimage"},"thumbnailUrl":"https:\/\/teunesco.com\/wp-content\/uploads\/2025\/12\/slide-geoparque.jpg","datePublished":"2025-12-05T14:38:58+00:00","dateModified":"2026-03-24T11:38:09+00:00","breadcrumb":{"@id":"https:\/\/teunesco.com\/pt-pt\/territorios-unesco\/#breadcrumb"},"inLanguage":"pt-PT","potentialAction":[{"@type":"ReadAction","target":["https:\/\/teunesco.com\/pt-pt\/territorios-unesco\/"]}]},{"@type":"ImageObject","inLanguage":"pt-PT","@id":"https:\/\/teunesco.com\/pt-pt\/territorios-unesco\/#primaryimage","url":"https:\/\/teunesco.com\/wp-content\/uploads\/2025\/12\/slide-geoparque.jpg","contentUrl":"https:\/\/teunesco.com\/wp-content\/uploads\/2025\/12\/slide-geoparque.jpg","width":2000,"height":1000},{"@type":"BreadcrumbList","@id":"https:\/\/teunesco.com\/pt-pt\/territorios-unesco\/#breadcrumb","itemListElement":[{"@type":"ListItem","position":1,"name":"In\u00edcio","item":"https:\/\/teunesco.com\/pt-pt\/"},{"@type":"ListItem","position":2,"name":"Territ\u00f3rios UNESCO"}]},{"@type":"WebSite","@id":"https:\/\/teunesco.com\/pt-pt\/#website","url":"https:\/\/teunesco.com\/pt-pt\/","name":"TEUNESCO","description":"","potentialAction":[{"@type":"SearchAction","target":{"@type":"EntryPoint","urlTemplate":"https:\/\/teunesco.com\/pt-pt\/?s={search_term_string}"},"query-input":{"@type":"PropertyValueSpecification","valueRequired":true,"valueName":"search_term_string"}}],"inLanguage":"pt-PT"}]}},"_links":{"self":[{"href":"https:\/\/teunesco.com\/pt-pt\/wp-json\/wp\/v2\/pages\/2388","targetHints":{"allow":["GET"]}}],"collection":[{"href":"https:\/\/teunesco.com\/pt-pt\/wp-json\/wp\/v2\/pages"}],"about":[{"href":"https:\/\/teunesco.com\/pt-pt\/wp-json\/wp\/v2\/types\/page"}],"author":[{"embeddable":true,"href":"https:\/\/teunesco.com\/pt-pt\/wp-json\/wp\/v2\/users\/1"}],"replies":[{"embeddable":true,"href":"https:\/\/teunesco.com\/pt-pt\/wp-json\/wp\/v2\/comments?post=2388"}],"version-history":[{"count":3,"href":"https:\/\/teunesco.com\/pt-pt\/wp-json\/wp\/v2\/pages\/2388\/revisions"}],"predecessor-version":[{"id":2391,"href":"https:\/\/teunesco.com\/pt-pt\/wp-json\/wp\/v2\/pages\/2388\/revisions\/2391"}],"wp:featuredmedia":[{"embeddable":true,"href":"https:\/\/teunesco.com\/pt-pt\/wp-json\/wp\/v2\/media\/2318"}],"wp:attachment":[{"href":"https:\/\/teunesco.com\/pt-pt\/wp-json\/wp\/v2\/media?parent=2388"}],"curies":[{"name":"wp","href":"https:\/\/api.w.org\/{rel}","templated":true}]}}