{"id":2331,"date":"2025-12-02T10:11:37","date_gmt":"2025-12-02T09:11:37","guid":{"rendered":"https:\/\/teunesco.com\/accesibilidad\/"},"modified":"2026-03-24T12:04:06","modified_gmt":"2026-03-24T11:04:06","slug":"acessibilidade","status":"publish","type":"page","link":"https:\/\/teunesco.com\/pt-pt\/acessibilidade\/","title":{"rendered":"Acessibilidade"},"content":{"rendered":"\t\t<div data-elementor-type=\"wp-page\" data-elementor-id=\"2331\" class=\"elementor elementor-2331 elementor-25\" data-elementor-post-type=\"page\">\n\t\t\t\t<div class=\"elementor-element elementor-element-5ab40f38 legal e-flex e-con-boxed e-con e-parent\" data-id=\"5ab40f38\" data-element_type=\"container\" data-e-type=\"container\">\n\t\t\t\t\t<div class=\"e-con-inner\">\n\t\t\t\t<div class=\"elementor-element elementor-element-14a42048 elementor-widget elementor-widget-text-editor\" data-id=\"14a42048\" data-element_type=\"widget\" data-e-type=\"widget\" data-widget_type=\"text-editor.default\">\n\t\t\t\t<div class=\"elementor-widget-container\">\n\t\t\t\t\t\t\t\t\t<p>O nosso compromisso \u00e9 tornar este site acess\u00edvel, em conformidade com o Real Decreto 1112\/2018, de 7 de setembro, relativo \u00e0 acessibilidade dos sites web e aplica\u00e7\u00f5es para dispositivos m\u00f3veis do setor p\u00fablico.<\/p> <h3>SITUA\u00c7\u00c3O DE CONFORMIDADE<\/h3> <p>Este site \u00e9 parcialmente conforme com o RD 1112\/2018 devido \u00e0s exce\u00e7\u00f5es e \u00e0 falta de conformidade dos aspetos indicados no ponto seguinte.<\/p> <h3>CONTE\u00daDO N\u00c3O ACESS\u00cdVEL<\/h3> <p>O conte\u00fado indicado abaixo pode n\u00e3o ser acess\u00edvel pelas seguintes raz\u00f5es:<\/p> <ul> <li>Podem existir alguns problemas de contraste que n\u00e3o cumpram os n\u00edveis m\u00ednimos exigidos em rela\u00e7\u00e3o \u00e0s cores adjacentes do fundo.<\/li> <li>Podem existir alguns elementos n\u00e3o textuais que n\u00e3o estejam corretamente etiquetados.<\/li> <li>Os motores de busca funcionam automaticamente, sem necessidade de qualquer a\u00e7\u00e3o por parte do utilizador.<\/li> <li>Podem existir alguns textos noutro idioma que n\u00e3o estejam corretamente etiquetados.<\/li> <li>Podem existir erros pontuais de c\u00f3digo de edi\u00e7\u00e3o em algumas p\u00e1ginas web.<\/li> <li>Podem existir ficheiros ofim\u00e1ticos em PDF ou noutros formatos publicados que n\u00e3o cumpram totalmente todos os requisitos de acessibilidade, embora se tenha procurado que a maioria os cumpra.<\/li> <\/ul> <h3>PREPARA\u00c7\u00c3O DA PRESENTE DECLARA\u00c7\u00c3O DE ACESSIBILIDADE<\/h3> <p>O m\u00e9todo utilizado para preparar a declara\u00e7\u00e3o foi uma autoavalia\u00e7\u00e3o realizada pelo respons\u00e1vel pelo desenvolvimento web.<\/p> <h3>OBSERVA\u00c7\u00d5ES E DADOS DE CONTACTO<\/h3> <p>Pode efetuar comunica\u00e7\u00f5es sobre requisitos de acessibilidade (artigo 10.2.a do RD 1112\/2018), como por exemplo:<\/p> <ul> <li>Informar sobre qualquer poss\u00edvel incumprimento por parte deste site<\/li> <li>Comunicar outras dificuldades de acesso ao conte\u00fado<\/li> <li>Apresentar qualquer outra consulta ou sugest\u00e3o de melhoria relativa \u00e0 acessibilidade do site<\/li> <\/ul> <p>Pode apresentar:<\/p> <ul> <li>Reclama\u00e7\u00e3o relativa ao cumprimento dos requisitos do RD 1112\/2018, ou<\/li> <li>Pedido de informa\u00e7\u00e3o acess\u00edvel relativo a:<\/li> <\/ul> <p>Conte\u00fados que est\u00e3o exclu\u00eddos do \u00e2mbito de aplica\u00e7\u00e3o do RD 1112\/2018, conforme estabelecido no artigo 3.\u00ba, n.\u00ba 4<\/p> <p>Conte\u00fados que est\u00e3o isentos do cumprimento dos requisitos de acessibilidade por implicarem uma carga desproporcionada.<\/p> <p>No pedido de informa\u00e7\u00e3o acess\u00edvel, devem ser indicados com toda a clareza os factos, raz\u00f5es e o pedido que permitam comprovar que se trata de uma solicita\u00e7\u00e3o razo\u00e1vel e leg\u00edtima.<\/p> <h3>PROCEDIMENTO DE APLICA\u00c7\u00c3O<\/h3> <p>Caso um pedido de informa\u00e7\u00e3o acess\u00edvel ou uma reclama\u00e7\u00e3o seja indeferido, n\u00e3o haja concord\u00e2ncia com a decis\u00e3o adotada, ou a resposta n\u00e3o cumpra os requisitos previstos no artigo 12.5, a pessoa interessada pode apresentar uma nova reclama\u00e7\u00e3o. Tamb\u00e9m poder\u00e1 apresentar reclama\u00e7\u00e3o caso tenha decorrido o prazo de vinte dias \u00fateis sem resposta.<\/p> <p>A reclama\u00e7\u00e3o pode ser apresentada atrav\u00e9s da Inst\u00e2ncia Gen\u00e9rica da Sede eletr\u00f3nica do Minist\u00e9rio de Assuntos Econ\u00f3micos e Transforma\u00e7\u00e3o Digital, bem como atrav\u00e9s das restantes op\u00e7\u00f5es previstas na Lei 39\/2015, de 1 de outubro, do Procedimento Administrativo Comum das Administra\u00e7\u00f5es P\u00fablicas. As reclama\u00e7\u00f5es ser\u00e3o recebidas e tratadas pela Subdire\u00e7\u00e3o-Geral de Inspe\u00e7\u00e3o de Servi\u00e7os do Minist\u00e9rio.<\/p> <h3>CONTE\u00daDO OPCIONAL<\/h3> <p>Este portal est\u00e1 concebido para permitir alterar o tamanho do texto e a cor, bem como o fundo da p\u00e1gina, atrav\u00e9s das op\u00e7\u00f5es de configura\u00e7\u00e3o padr\u00e3o dos navegadores.<\/p> <p>Se desejar alterar o tamanho da letra nos principais navegadores gr\u00e1ficos, utilize os seguintes menus:<\/p> <ul> <li>Internet Explorer, Mozilla e Firefox: Ver &gt; Tamanho do texto<\/li> <li>Opera: Ver &gt; Zoom<\/li> <li>Safari: Ver &gt; Aumentar o texto<\/li> <li>Chrome: Controlar a p\u00e1gina atual &gt; Tamanho do texto<\/li> <\/ul> <p>Para modificar o tamanho de todo o conte\u00fado da p\u00e1gina:<\/p> <ul> <li>Ctrl + + para aumentar<\/li> <li>Ctrl + \u2013 para diminuir<\/li> <li>Ctrl + 0 para restaurar o tamanho original do texto<\/li> <\/ul> <p>Se pretende desativar a folha de estilos ou alterar as cores do texto, pode consultar a p\u00e1gina How to Change Text Size or Colors da WAI, dispon\u00edvel em espanhol como \u00bfC\u00f3mo cambiar el tama\u00f1o del texto o colores?<\/p>\t\t\t\t\t\t\t\t<\/div>\n\t\t\t\t<\/div>\n\t\t\t\t\t<\/div>\n\t\t\t\t<\/div>\n\t\t\t\t<\/div>\n\t\t","protected":false},"excerpt":{"rendered":"<p>O nosso compromisso \u00e9 tornar este site acess\u00edvel, em conformidade com o Real Decreto 1112\/2018, de 7 de setembro, relativo \u00e0 acessibilidade dos sites web e aplica\u00e7\u00f5es para dispositivos m\u00f3veis do setor p\u00fablico. SITUA\u00c7\u00c3O DE CONFORMIDADE Este site \u00e9 parcialmente conforme com o RD 1112\/2018 devido \u00e0s exce\u00e7\u00f5es e \u00e0 falta de conformidade dos aspetos [&hellip;]<\/p>\n","protected":false},"author":1,"featured_media":0,"parent":0,"menu_order":0,"comment_status":"closed","ping_status":"closed","template":"","meta":{"footnotes":""},"class_list":["post-2331","page","type-page","status-publish","hentry"],"yoast_head":"<!-- This site is optimized with the Yoast SEO plugin v27.1.1 - https:\/\/yoast.com\/product\/yoast-seo-wordpress\/ -->\n<title>Acessibilidade - TEUNESCO<\/title>\n<meta name=\"robots\" content=\"index, follow, max-snippet:-1, max-image-preview:large, max-video-preview:-1\" \/>\n<link rel=\"canonical\" href=\"https:\/\/teunesco.com\/pt-pt\/acessibilidade\/\" \/>\n<meta property=\"og:locale\" content=\"pt_PT\" \/>\n<meta property=\"og:type\" content=\"article\" \/>\n<meta property=\"og:title\" content=\"Acessibilidade - TEUNESCO\" \/>\n<meta property=\"og:description\" content=\"O nosso compromisso \u00e9 tornar este site acess\u00edvel, em conformidade com o Real Decreto 1112\/2018, de 7 de setembro, relativo \u00e0 acessibilidade dos sites web e aplica\u00e7\u00f5es para dispositivos m\u00f3veis do setor p\u00fablico. SITUA\u00c7\u00c3O DE CONFORMIDADE Este site \u00e9 parcialmente conforme com o RD 1112\/2018 devido \u00e0s exce\u00e7\u00f5es e \u00e0 falta de conformidade dos aspetos [&hellip;]\" \/>\n<meta property=\"og:url\" content=\"https:\/\/teunesco.com\/pt-pt\/acessibilidade\/\" \/>\n<meta property=\"og:site_name\" content=\"TEUNESCO\" \/>\n<meta property=\"article:modified_time\" content=\"2026-03-24T11:04:06+00:00\" \/>\n<meta name=\"twitter:card\" content=\"summary_large_image\" \/>\n<meta name=\"twitter:label1\" content=\"Tempo estimado de leitura\" \/>\n\t<meta name=\"twitter:data1\" content=\"4 minutos\" \/>\n<script type=\"application\/ld+json\" class=\"yoast-schema-graph\">{\"@context\":\"https:\/\/schema.org\",\"@graph\":[{\"@type\":\"WebPage\",\"@id\":\"https:\/\/teunesco.com\/pt-pt\/acessibilidade\/\",\"url\":\"https:\/\/teunesco.com\/pt-pt\/acessibilidade\/\",\"name\":\"Acessibilidade - TEUNESCO\",\"isPartOf\":{\"@id\":\"https:\/\/teunesco.com\/pt-pt\/#website\"},\"datePublished\":\"2025-12-02T09:11:37+00:00\",\"dateModified\":\"2026-03-24T11:04:06+00:00\",\"breadcrumb\":{\"@id\":\"https:\/\/teunesco.com\/pt-pt\/acessibilidade\/#breadcrumb\"},\"inLanguage\":\"pt-PT\",\"potentialAction\":[{\"@type\":\"ReadAction\",\"target\":[\"https:\/\/teunesco.com\/pt-pt\/acessibilidade\/\"]}]},{\"@type\":\"BreadcrumbList\",\"@id\":\"https:\/\/teunesco.com\/pt-pt\/acessibilidade\/#breadcrumb\",\"itemListElement\":[{\"@type\":\"ListItem\",\"position\":1,\"name\":\"In\u00edcio\",\"item\":\"https:\/\/teunesco.com\/pt-pt\/\"},{\"@type\":\"ListItem\",\"position\":2,\"name\":\"Acessibilidade\"}]},{\"@type\":\"WebSite\",\"@id\":\"https:\/\/teunesco.com\/pt-pt\/#website\",\"url\":\"https:\/\/teunesco.com\/pt-pt\/\",\"name\":\"TEUNESCO\",\"description\":\"\",\"potentialAction\":[{\"@type\":\"SearchAction\",\"target\":{\"@type\":\"EntryPoint\",\"urlTemplate\":\"https:\/\/teunesco.com\/pt-pt\/?s={search_term_string}\"},\"query-input\":{\"@type\":\"PropertyValueSpecification\",\"valueRequired\":true,\"valueName\":\"search_term_string\"}}],\"inLanguage\":\"pt-PT\"}]}<\/script>\n<!-- \/ Yoast SEO plugin. -->","yoast_head_json":{"title":"Acessibilidade - TEUNESCO","robots":{"index":"index","follow":"follow","max-snippet":"max-snippet:-1","max-image-preview":"max-image-preview:large","max-video-preview":"max-video-preview:-1"},"canonical":"https:\/\/teunesco.com\/pt-pt\/acessibilidade\/","og_locale":"pt_PT","og_type":"article","og_title":"Acessibilidade - TEUNESCO","og_description":"O nosso compromisso \u00e9 tornar este site acess\u00edvel, em conformidade com o Real Decreto 1112\/2018, de 7 de setembro, relativo \u00e0 acessibilidade dos sites web e aplica\u00e7\u00f5es para dispositivos m\u00f3veis do setor p\u00fablico. SITUA\u00c7\u00c3O DE CONFORMIDADE Este site \u00e9 parcialmente conforme com o RD 1112\/2018 devido \u00e0s exce\u00e7\u00f5es e \u00e0 falta de conformidade dos aspetos [&hellip;]","og_url":"https:\/\/teunesco.com\/pt-pt\/acessibilidade\/","og_site_name":"TEUNESCO","article_modified_time":"2026-03-24T11:04:06+00:00","twitter_card":"summary_large_image","twitter_misc":{"Tempo estimado de leitura":"4 minutos"},"schema":{"@context":"https:\/\/schema.org","@graph":[{"@type":"WebPage","@id":"https:\/\/teunesco.com\/pt-pt\/acessibilidade\/","url":"https:\/\/teunesco.com\/pt-pt\/acessibilidade\/","name":"Acessibilidade - TEUNESCO","isPartOf":{"@id":"https:\/\/teunesco.com\/pt-pt\/#website"},"datePublished":"2025-12-02T09:11:37+00:00","dateModified":"2026-03-24T11:04:06+00:00","breadcrumb":{"@id":"https:\/\/teunesco.com\/pt-pt\/acessibilidade\/#breadcrumb"},"inLanguage":"pt-PT","potentialAction":[{"@type":"ReadAction","target":["https:\/\/teunesco.com\/pt-pt\/acessibilidade\/"]}]},{"@type":"BreadcrumbList","@id":"https:\/\/teunesco.com\/pt-pt\/acessibilidade\/#breadcrumb","itemListElement":[{"@type":"ListItem","position":1,"name":"In\u00edcio","item":"https:\/\/teunesco.com\/pt-pt\/"},{"@type":"ListItem","position":2,"name":"Acessibilidade"}]},{"@type":"WebSite","@id":"https:\/\/teunesco.com\/pt-pt\/#website","url":"https:\/\/teunesco.com\/pt-pt\/","name":"TEUNESCO","description":"","potentialAction":[{"@type":"SearchAction","target":{"@type":"EntryPoint","urlTemplate":"https:\/\/teunesco.com\/pt-pt\/?s={search_term_string}"},"query-input":{"@type":"PropertyValueSpecification","valueRequired":true,"valueName":"search_term_string"}}],"inLanguage":"pt-PT"}]}},"_links":{"self":[{"href":"https:\/\/teunesco.com\/pt-pt\/wp-json\/wp\/v2\/pages\/2331","targetHints":{"allow":["GET"]}}],"collection":[{"href":"https:\/\/teunesco.com\/pt-pt\/wp-json\/wp\/v2\/pages"}],"about":[{"href":"https:\/\/teunesco.com\/pt-pt\/wp-json\/wp\/v2\/types\/page"}],"author":[{"embeddable":true,"href":"https:\/\/teunesco.com\/pt-pt\/wp-json\/wp\/v2\/users\/1"}],"replies":[{"embeddable":true,"href":"https:\/\/teunesco.com\/pt-pt\/wp-json\/wp\/v2\/comments?post=2331"}],"version-history":[{"count":4,"href":"https:\/\/teunesco.com\/pt-pt\/wp-json\/wp\/v2\/pages\/2331\/revisions"}],"predecessor-version":[{"id":2336,"href":"https:\/\/teunesco.com\/pt-pt\/wp-json\/wp\/v2\/pages\/2331\/revisions\/2336"}],"wp:attachment":[{"href":"https:\/\/teunesco.com\/pt-pt\/wp-json\/wp\/v2\/media?parent=2331"}],"curies":[{"name":"wp","href":"https:\/\/api.w.org\/{rel}","templated":true}]}}